{"id":583,"date":"2020-10-01T08:23:00","date_gmt":"2020-10-01T08:23:00","guid":{"rendered":"https:\/\/servigroupinsurance.com\/?page_id=583"},"modified":"2021-03-02T05:37:00","modified_gmt":"2021-03-02T05:37:00","slug":"sobre-servigroup","status":"publish","type":"page","link":"https:\/\/servigroupinsurance.com\/es\/sobre-servigroup\/","title":{"rendered":"Sobre ServiGroup"},"content":{"rendered":"<div class=\"vc_row-full-width-before\"><\/div><div id=\"div-sobre-servigroup\" data-vc-full-width=\"true\" data-vc-full-width-init=\"false\" data-vc-stretch-content=\"true\" class=\"vc_row wpb_row vc_row-fluid vc_custom_1614663319161 thegem-custom-69d20bd1000b0823 vc_row-has-fill vc_row-no-padding vc_row-o-equal-height vc_row-flex\"><script type=\"text\/javascript\">if (typeof(gem_fix_fullwidth_position) == \"function\") { gem_fix_fullwidth_position(document.getElementById(\"div-sobre-servigroup\")); }<\/script><div class=\"wpb_column vc_column_container vc_col-sm-12 vc_col-lg-4 thegem-custom-69d20bd10039e9905 vc_col-has-fill\"><div class=\"vc_column-inner thegem-custom-inner-69d20bd1003a0 vc_custom_1613014024769\"><div class=\"wpb_wrapper\"><div class=\"vc_empty_space\"   style=\"height: 20px\"><span class=\"vc_empty_space_inner\"><\/span><\/div>\r\n\t\r\n\t\t<div class=\"wpb_text_column wpb_content_element  vc_custom_1613014252130\" >\r\n\t\t\t<div class=\"wpb_wrapper\">\r\n\t\t\t\t<h3><span style=\"color: #ffffff; text-transform: none; letter-spacing: 0;\">Especialistas en<br \/>\nseguros y taxes<br \/>\n<\/span><\/h3>\n\r\n\t\t\t<\/div>\r\n\t\t<\/div>\r\n\t\r\n<div class=\"vc_empty_space\"   style=\"height: 70px\"><span class=\"vc_empty_space_inner\"><\/span><\/div><\/div><\/div><\/div><div class=\"wpb_column vc_column_container vc_col-sm-8 vc_col-lg-8 thegem-custom-69d20bd1012b46673\"><div class=\"vc_column-inner thegem-custom-inner-69d20bd1012b6 vc_custom_1613013624542\"><div class=\"wpb_wrapper\">\r\n\t\r\n\t\t<div class=\"wpb_text_column wpb_content_element \" >\r\n\t\t\t<div class=\"wpb_wrapper\">\r\n\t\t\t\t<p><strong><span style=\"color: #5f727f; display: inline-block; margin: 0 auto; font-size: 20px; line-height: 35px;\">Nuestros esfuerzos se enfocan en trasmitir conocimiento y experiencia a trav\u00e9s de nuestros asesores.<\/span><\/strong><\/p>\n\r\n\t\t\t<\/div>\r\n\t\t<\/div>\r\n\t\r\n\r\n\t\r\n\t\t<div class=\"wpb_text_column wpb_content_element \" >\r\n\t\t\t<div class=\"wpb_wrapper\">\r\n\t\t\t\t<p><span style=\"color: #5f727f; display: inline-block; margin: 0 auto; font-size: 20px; line-height: 35px;\">Nuestra propuesta es brindar un servicio diferencial en donde siempre asumimos un constante compromiso con nuestros clientes y buscando perfeccionar d\u00eda a d\u00eda nuestra labor profesional bajo los principios de responsabilidad y respeto con un sentido humano que llene totalmente sus expectativas.<br \/>\n<\/span><\/p>\n\r\n\t\t\t<\/div>\r\n\t\t<\/div>\r\n\t\r\n<\/div><\/div><\/div><\/div><div class=\"vc_row-full-width vc_clearfix\"><\/div><div class=\"vc_row-full-width-before\"><\/div><div id=\"vc_row-69d20bd1016f3\" data-vc-full-width=\"true\" data-vc-full-width-init=\"false\" class=\"vc_row wpb_row vc_row-fluid vc_custom_1611551876748 thegem-custom-69d20bd1016ea4340\"><script type=\"text\/javascript\">if (typeof(gem_fix_fullwidth_position) == \"function\") { gem_fix_fullwidth_position(document.getElementById(\"vc_row-69d20bd1016f3\")); }<\/script><div class=\"wpb_column vc_column_container vc_col-sm-12 thegem-custom-69d20bd1018849049\"><div class=\"vc_column-inner thegem-custom-inner-69d20bd101886 \"><div class=\"wpb_wrapper\"><div class=\"clearboth\"><\/div><div class=\"gem-divider \" style=\"margin-top: 80px;\"><\/div><\/div><\/div><\/div><\/div><div class=\"vc_row-full-width vc_clearfix\"><\/div>\n<style>\n#vc_row-69d20bd1016f3.vc_row[data-vc-full-width] {\n    overflow: visible;\n}\n<\/style>\n<div class=\"vc_row-full-width-before\"><\/div><div id=\"vc_row-69d20bd101ac6\" data-vc-full-width=\"true\" data-vc-full-width-init=\"false\" class=\"vc_row wpb_row vc_row-fluid vc_custom_1611546068916 thegem-custom-69d20bd101abc3973 vc_row-has-fill\"><script type=\"text\/javascript\">if (typeof(gem_fix_fullwidth_position) == \"function\") { gem_fix_fullwidth_position(document.getElementById(\"vc_row-69d20bd101ac6\")); }<\/script><div class=\"wpb_column vc_column_container vc_col-sm-6 thegem-custom-69d20bd101c748082\"><div class=\"vc_column-inner thegem-custom-inner-69d20bd101c76 \"><div class=\"wpb_wrapper\">\r\n\t\r\n\t\t<div class=\"wpb_text_column wpb_content_element \" >\r\n\t\t\t<div class=\"wpb_wrapper\">\r\n\t\t\t\t<h3><span style=\"color: #46485c; text-transform: none; letter-spacing: 0;\">Comprometidos con la salud f\u00edsica<br \/>\ny financiera de nuestra comunidad<\/span><\/h3>\n\r\n\t\t\t<\/div>\r\n\t\t<\/div>\r\n\t\r\n\r\n\t\r\n\t\t<div class=\"wpb_text_column wpb_content_element \" >\r\n\t\t\t<div class=\"wpb_wrapper\">\r\n\t\t\t\t<p><span style=\"color: #5f727f; display: inline-block; margin: 0 auto; font-size: 20px; line-height: 35px;\">Ayudar a las personas y la comunidad a lograr una mejor educaci\u00f3n en salud y finanzas nos caracteriza, y tambi\u00e9n nos sirve como el est\u00e1ndar con el cual realizamos cada acci\u00f3n para nuestros clientes.<br \/>\n<\/span><\/p>\n\r\n\t\t\t<\/div>\r\n\t\t<\/div>\r\n\t\r\n<div class=\"vc_empty_space\"   style=\"height: 25px\"><span class=\"vc_empty_space_inner\"><\/span><\/div>\r\n\t\r\n\t<div  class=\"wpb_single_image wpb_content_element vc_align_left   img-40\" >\r\n\t\t\r\n\t\t<figure class=\"wpb_wrapper vc_figure\">\r\n\t\t\t<div class=\"vc_single_image-wrapper   vc_box_border_grey\"><img width=\"600\" height=\"141\" src=\"https:\/\/servigroupinsurance.com\/wp-content\/uploads\/2021\/02\/local-agency-for-florida-blue.png\" class=\"vc_single_image-img attachment-full\" alt=\"\" srcset=\"https:\/\/servigroupinsurance.com\/wp-content\/uploads\/2021\/02\/local-agency-for-florida-blue.png 600w, https:\/\/servigroupinsurance.com\/wp-content\/uploads\/2021\/02\/local-agency-for-florida-blue-300x71.png 300w, https:\/\/servigroupinsurance.com\/wp-content\/uploads\/2021\/02\/local-agency-for-florida-blue-16x4.png 16w\" sizes=\"(max-width: 600px) 100vw, 600px\" \/><\/div>\r\n\t\t<\/figure>\r\n\t<\/div>\r\n\t\r\n<div class=\"vc_empty_space\"   style=\"height: 15px\"><span class=\"vc_empty_space_inner\"><\/span><\/div><div class=\"gem-button-container gem-button-position-inline thegem-button-69d20bd102f596490\" ><a title=\"Contacto\" class=\"gem-button gem-button-size-small gem-button-style-flat gem-button-text-weight-normal\" style=\"border-radius: 3px;background-color: #0051a0;color: #ffffff;\" onmouseleave=\"this.style.backgroundColor='#0051a0';this.style.color='#ffffff';\" onmouseenter=\"this.style.backgroundColor='#0051a0';this.style.color='#ffffff';\" href=\"https:\/\/servigroupinsurance.com\/contacto\/\" target=\"_self\">Solicitar Asesor\u00eda<\/a><\/div> <div class=\"vc_empty_space\"   style=\"height: 30px\"><span class=\"vc_empty_space_inner\"><\/span><\/div><\/div><\/div><\/div><div class=\"wpb_column vc_column_container vc_col-sm-6 thegem-custom-69d20bd10325d6584\"><div class=\"vc_column-inner thegem-custom-inner-69d20bd103260 \"><div class=\"wpb_wrapper\"><div class=\"clearboth\"><\/div><div class=\"gem-divider \" style=\"margin-top: 30px;\"><\/div>\r\n\t\r\n\t<div  class=\"wpb_single_image wpb_content_element vc_align_right\" >\r\n\t\t\r\n\t\t<figure class=\"wpb_wrapper vc_figure\">\r\n\t\t\t<div class=\"vc_single_image-wrapper   vc_box_border_grey\"><img width=\"535\" height=\"367\" src=\"https:\/\/servigroupinsurance.com\/wp-content\/uploads\/2020\/10\/foto-equipo.jpg\" class=\"vc_single_image-img attachment-full\" alt=\"\" srcset=\"https:\/\/servigroupinsurance.com\/wp-content\/uploads\/2020\/10\/foto-equipo.jpg 535w, https:\/\/servigroupinsurance.com\/wp-content\/uploads\/2020\/10\/foto-equipo-300x206.jpg 300w\" sizes=\"(max-width: 535px) 100vw, 535px\" \/><\/div>\r\n\t\t<\/figure>\r\n\t<\/div>\r\n\t\r\n<\/div><\/div><\/div><\/div><div class=\"vc_row-full-width vc_clearfix\"><\/div><div class=\"vc_row-full-width-before\"><\/div><div id=\"vc_row-69d20bd1037f5\" data-vc-full-width=\"true\" data-vc-full-width-init=\"false\" class=\"vc_row wpb_row vc_row-fluid vc_custom_1611551876748 thegem-custom-69d20bd1037ea4213\"><script type=\"text\/javascript\">if (typeof(gem_fix_fullwidth_position) == \"function\") { gem_fix_fullwidth_position(document.getElementById(\"vc_row-69d20bd1037f5\")); }<\/script><div class=\"wpb_column vc_column_container vc_col-sm-12 thegem-custom-69d20bd1039554910\"><div class=\"vc_column-inner thegem-custom-inner-69d20bd103957 \"><div class=\"wpb_wrapper\"><div class=\"clearboth\"><\/div><div class=\"gem-divider \" style=\"margin-top: 35px;\"><\/div><\/div><\/div><\/div><\/div><div class=\"vc_row-full-width vc_clearfix\"><\/div>\n<style>\n#vc_row-69d20bd1037f5.vc_row[data-vc-full-width] {\n    overflow: visible;\n}\n<\/style>\n<div class=\"vc_row-full-width-before\"><\/div><div id=\"vc_row-69d20bd103e64\" data-vc-full-width=\"true\" data-vc-full-width-init=\"false\" class=\"vc_row wpb_row vc_row-fluid inverse-column-mobile vc_custom_1614341617320 thegem-custom-69d20bd103e5a3107 vc_row-has-fill\"><script type=\"text\/javascript\">if (typeof(gem_fix_fullwidth_position) == \"function\") { gem_fix_fullwidth_position(document.getElementById(\"vc_row-69d20bd103e64\")); }<\/script><div class=\"wpb_column vc_column_container vc_col-sm-6 thegem-custom-69d20bd104029852\"><div class=\"vc_column-inner thegem-custom-inner-69d20bd10402b \"><div class=\"wpb_wrapper\"><div class=\"clearboth\"><\/div><div class=\"gem-divider \" style=\"margin-top: 30px;\"><\/div>\r\n\t\r\n\t<div  class=\"wpb_single_image wpb_content_element vc_align_left\" >\r\n\t\t\r\n\t\t<figure class=\"wpb_wrapper vc_figure\">\r\n\t\t\t<div class=\"vc_single_image-wrapper   vc_box_border_grey\"><img width=\"412\" height=\"567\" src=\"https:\/\/servigroupinsurance.com\/wp-content\/uploads\/2020\/10\/Foto-Katia.png\" class=\"vc_single_image-img attachment-full\" alt=\"\" srcset=\"https:\/\/servigroupinsurance.com\/wp-content\/uploads\/2020\/10\/Foto-Katia.png 412w, https:\/\/servigroupinsurance.com\/wp-content\/uploads\/2020\/10\/Foto-Katia-218x300.png 218w\" sizes=\"(max-width: 412px) 100vw, 412px\" \/><\/div>\r\n\t\t<\/figure>\r\n\t<\/div>\r\n\t\r\n<\/div><\/div><\/div><div class=\"wpb_column vc_column_container vc_col-sm-6 thegem-custom-69d20bd1044bf2547\"><div class=\"vc_column-inner thegem-custom-inner-69d20bd1044c1 \"><div class=\"wpb_wrapper\">\r\n\t\r\n\t\t<div class=\"wpb_text_column wpb_content_element \" >\r\n\t\t\t<div class=\"wpb_wrapper\">\r\n\t\t\t\t<h3><span style=\"color: #46485c; text-transform: none; letter-spacing: 0;\">Katia R. Paulino, CEO<\/span><\/h3>\n\r\n\t\t\t<\/div>\r\n\t\t<\/div>\r\n\t\r\n\r\n\t\r\n\t\t<div class=\"wpb_text_column wpb_content_element \" >\r\n\t\t\t<div class=\"wpb_wrapper\">\r\n\t\t\t\t<p><strong><span style=\"color: #5f727f; display: inline-block; margin: 0 auto; font-size: 20px; line-height: 35px;\">\u00a1Agradecemos la confianza que han depositado nuestros clientes, socios y colaboradores en este gran proyecto!<\/span><\/strong><\/p>\n\r\n\t\t\t<\/div>\r\n\t\t<\/div>\r\n\t\r\n\r\n\t\r\n\t\t<div class=\"wpb_text_column wpb_content_element \" >\r\n\t\t\t<div class=\"wpb_wrapper\">\r\n\t\t\t\t<p><span style=\"color: #5f727f; display: inline-block; margin: 0 auto; font-size: 20px; line-height: 35px;\">Servigroup Insurance ha logrado consolidarse y expandir sus servicios hasta ser una compa\u00f1\u00eda l\u00edder en Florida. Nuestro equipo de trabajo y clientes son la fuente de inspiraci\u00f3n constante para ser quienes somos: una empresa integral comprometida con el bienestar de nuestra<br \/>\ncomunidad.<br \/>\n<\/span><\/p>\n\r\n\t\t\t<\/div>\r\n\t\t<\/div>\r\n\t\r\n<div class=\"vc_empty_space\"   style=\"height: 30px\"><span class=\"vc_empty_space_inner\"><\/span><\/div>\r\n\t\r\n\t<div  class=\"wpb_single_image wpb_content_element vc_align_left\" >\r\n\t\t\r\n\t\t<figure class=\"wpb_wrapper vc_figure\">\r\n\t\t\t<div class=\"vc_single_image-wrapper   vc_box_border_grey\"><img width=\"251\" height=\"54\" src=\"https:\/\/servigroupinsurance.com\/wp-content\/uploads\/2020\/10\/Firma-Katia-1.png\" class=\"vc_single_image-img attachment-full\" alt=\"\" \/><\/div>\r\n\t\t<\/figure>\r\n\t<\/div>\r\n\t\r\n<div class=\"vc_empty_space\"   style=\"height: 30px\"><span class=\"vc_empty_space_inner\"><\/span><\/div><\/div><\/div><\/div><\/div><div class=\"vc_row-full-width vc_clearfix\"><\/div><div id=\"vc_row-69d20bd105541\" class=\"vc_row wpb_row vc_row-fluid wpb_animate_when_almost_visible wpb_fadeIn fadeIn vc_custom_1613016140762 thegem-custom-69d20bd10552f3419 vc_row-has-fill\"><div class=\"wpb_column vc_column_container vc_col-sm-12 thegem-custom-69d20bd1056f98270\"><div class=\"vc_column-inner thegem-custom-inner-69d20bd1056fb vc_custom_1584445841546\"><div class=\"wpb_wrapper\"><div id=\"fullwidth-block-69d20bd105f0d\" class=\"fullwidth-block clearfix\"  style=\"padding-top: 100px;padding-bottom: 120px;\"><script type=\"text\/javascript\">if (typeof(gem_fix_fullwidth_position) == \"function\") { gem_fix_fullwidth_position(document.getElementById(\"fullwidth-block-69d20bd105f0d\")); }<\/script><div class=\"fullwidth-block-background\" style=\"background-image: url(https:\/\/servigroupinsurance.com\/wp-content\/uploads\/2020\/02\/blocks-image-113.jpg);background-repeat: no-repeat; background-size: cover;background-position: center top;\"><\/div><div class=\"fullwidth-block-inner\"><div class=\"preloader\"><div class=\"preloader-spin\"><\/div><\/div><div class=\"size-medium style1 gem-testimonials fullwidth-block\" data-autoscroll=\"5000\" style=background-color:> <div id=\"post-25065\" class=\"gem-testimonial-item post-25065 thegem_testimonial type-thegem_testimonial status-publish has-post-thumbnail\"> <div class=\"gem-testimonial-wrapper quote-color-added \"> <div class=\"gem-testimonial-image\"> <img width=\"160\" height=\"160\" src=\"https:\/\/servigroupinsurance.com\/wp-content\/uploads\/2017\/12\/advisor-4-thegem-person-160.jpg\" class=\"img-responsive img-circle wp-post-image\" alt=\"advisor-4\" srcset=\"https:\/\/servigroupinsurance.com\/wp-content\/uploads\/2017\/12\/advisor-4.jpg 2x\" sizes=\"100vw\" loading=\"lazy\" \/> <\/div> <div class=\"gem-testimonial-content\"> <div class=\"gem-testimonial-name\" style=\"color: #00bcd4\">Carla Palma<\/div> <div class=\"gem-testimonial-text\" > <p>Katia nos ayud\u00f3 a m\u00ed y mi familia desde la primera conversaci\u00f3n que tuvimos. Con Servigroup he ahorrado miles de $$ en seguro de salud.<\/p> <\/div> <\/div> <span style=\"color: #00bcd4 \" class=\"custom-color-blockqute-mark\">&#xe60c;<\/span> <\/div> <\/div> <div id=\"post-25066\" class=\"gem-testimonial-item post-25066 thegem_testimonial type-thegem_testimonial status-publish has-post-thumbnail\"> <div class=\"gem-testimonial-wrapper quote-color-added \"> <div class=\"gem-testimonial-image\"> <img width=\"160\" height=\"160\" src=\"https:\/\/servigroupinsurance.com\/wp-content\/uploads\/2017\/12\/advisor-3-1-thegem-person-160.jpg\" class=\"img-responsive img-circle wp-post-image\" alt=\"advisor-3\" srcset=\"https:\/\/servigroupinsurance.com\/wp-content\/uploads\/2017\/12\/advisor-3-1.jpg 2x\" sizes=\"100vw\" loading=\"lazy\" \/> <\/div> <div class=\"gem-testimonial-content\"> <div class=\"gem-testimonial-name\" style=\"color: #00bcd4\">Andres Martinez<\/div> <div class=\"gem-testimonial-text\" > <p>Servigroup no solo me asesor\u00f3 con la creaci\u00f3n y registro de mi nuevo negocio en Florida, sino tambi\u00e9n respondi\u00f3 todas mis preguntas a lo largo del proceso.<\/p> <\/div> <\/div> <span style=\"color: #00bcd4 \" class=\"custom-color-blockqute-mark\">&#xe60c;<\/span> <\/div> <\/div> <div class=\"testimonials_svg\"><svg style=\"fill: \" width=\"100\" height=\"50\"><path d=\"M 0,-1 Q 45,5 50,50 Q 55,5 100,-1\" \/><\/svg><\/div><\/div><\/div><\/div><\/div><\/div><\/div><\/div><div class=\"vc_row-full-width-before\"><\/div><div id=\"background-top\" data-vc-full-width=\"true\" data-vc-full-width-init=\"false\" data-vc-stretch-content=\"true\" class=\"vc_row wpb_row vc_row-fluid vc_custom_1613096235033 thegem-custom-69d20bd117e1b1962 vc_row-has-fill\"><script type=\"text\/javascript\">if (typeof(gem_fix_fullwidth_position) == \"function\") { gem_fix_fullwidth_position(document.getElementById(\"background-top\")); }<\/script><div class=\"wpb_column vc_column_container vc_col-sm-7 vc_col-lg-offset-6 vc_col-lg-6 vc_col-md-offset-7 vc_col-md-5 vc_col-sm-offset-5 vc_col-xs-offset-1 vc_col-xs-10 thegem-custom-69d20bd11801a8417\"><div class=\"vc_column-inner thegem-custom-inner-69d20bd11801c \"><div class=\"wpb_wrapper\"><div class=\"clearboth\"><\/div><div class=\"gem-divider \" style=\"margin-top: 80px;\"><\/div>\r\n\t\r\n\t\t<div class=\"wpb_text_column wpb_content_element \" >\r\n\t\t\t<div class=\"wpb_wrapper\">\r\n\t\t\t\t<div class=\"title-h2\"><span style=\"color: #ffffff; text-transform: none; letter-spacing: 0;\">Cuidamos de ti y tu familia<br \/>\n<\/span><\/div>\n\r\n\t\t\t<\/div>\r\n\t\t<\/div>\r\n\t\r\n\r\n\t\r\n\t\t<div class=\"wpb_text_column wpb_content_element \" >\r\n\t\t\t<div class=\"wpb_wrapper\">\r\n\t\t\t\t<p><span style=\"color: #ffffff; font-size: 30px; line-height: 41px;\">Cuenta con nosotros como tu socio<br \/>\nde confianza para proteger tus intereses<\/span><\/p>\n\r\n\t\t\t<\/div>\r\n\t\t<\/div>\r\n\t\r\n<div class=\"gem-button-container gem-button-position-inline thegem-button-69d20bd118353362\" ><a title=\"Contacto\" class=\"gem-button gem-button-size-medium gem-button-style-flat gem-button-text-weight-normal\" style=\"border-radius: 3px;background-color: #00913d;color: #ffffff;\" onmouseleave=\"this.style.backgroundColor='#00913d';this.style.color='#ffffff';\" onmouseenter=\"this.style.backgroundColor='#00913d';this.style.color='#ffffff';\" href=\"https:\/\/servigroupinsurance.com\/contacto\/\" target=\"_self\">SOLICITAR ASESOR\u00cdA<\/a><\/div> <div class=\"clearboth\"><\/div><div class=\"gem-divider \" style=\"margin-top: 80px;\"><\/div><\/div><\/div><\/div><\/div><div class=\"vc_row-full-width vc_clearfix\"><\/div>\n","protected":false},"excerpt":{"rendered":"","protected":false},"author":1,"featured_media":804,"parent":0,"menu_order":0,"comment_status":"closed","ping_status":"closed","template":"","meta":[],"yoast_head":"<!-- This site is optimized with the Yoast SEO plugin v20.6 - https:\/\/yoast.com\/wordpress\/plugins\/seo\/ -->\n<title>Sobre ServiGroup - ServiGroup Insurance<\/title>\n<meta name=\"robots\" content=\"index, follow, max-snippet:-1, max-image-preview:large, max-video-preview:-1\" \/>\n<link rel=\"canonical\" href=\"https:\/\/servigroupinsurance.com\/es\/sobre-servigroup\/\" \/>\n<meta property=\"og:locale\" content=\"es_ES\" \/>\n<meta property=\"og:type\" content=\"article\" \/>\n<meta property=\"og:title\" content=\"Sobre ServiGroup - ServiGroup Insurance\" \/>\n<meta property=\"og:url\" content=\"https:\/\/servigroupinsurance.com\/es\/sobre-servigroup\/\" \/>\n<meta property=\"og:site_name\" content=\"ServiGroup Insurance\" \/>\n<meta property=\"article:modified_time\" content=\"2021-03-02T05:37:00+00:00\" \/>\n<meta property=\"og:image\" content=\"https:\/\/servigroupinsurance.com\/wp-content\/uploads\/2020\/10\/banner-de-servicios.jpg\" \/>\n\t<meta property=\"og:image:width\" content=\"1584\" \/>\n\t<meta property=\"og:image:height\" content=\"333\" \/>\n\t<meta property=\"og:image:type\" content=\"image\/jpeg\" \/>\n<meta name=\"twitter:card\" content=\"summary_large_image\" \/>\n<meta name=\"twitter:label1\" content=\"Tiempo de lectura\" \/>\n\t<meta name=\"twitter:data1\" content=\"2 minutos\" \/>\n<script type=\"application\/ld+json\" class=\"yoast-schema-graph\">{\"@context\":\"https:\/\/schema.org\",\"@graph\":[{\"@type\":\"WebPage\",\"@id\":\"https:\/\/servigroupinsurance.com\/en\/sobre-servigroup\/\",\"url\":\"https:\/\/servigroupinsurance.com\/en\/sobre-servigroup\/\",\"name\":\"Sobre ServiGroup - ServiGroup Insurance\",\"isPartOf\":{\"@id\":\"https:\/\/servigroupinsurance.com\/en\/#website\"},\"datePublished\":\"2020-10-01T08:23:00+00:00\",\"dateModified\":\"2021-03-02T05:37:00+00:00\",\"breadcrumb\":{\"@id\":\"https:\/\/servigroupinsurance.com\/en\/sobre-servigroup\/#breadcrumb\"},\"inLanguage\":\"es\",\"potentialAction\":[{\"@type\":\"ReadAction\",\"target\":[\"https:\/\/servigroupinsurance.com\/en\/sobre-servigroup\/\"]}]},{\"@type\":\"BreadcrumbList\",\"@id\":\"https:\/\/servigroupinsurance.com\/en\/sobre-servigroup\/#breadcrumb\",\"itemListElement\":[{\"@type\":\"ListItem\",\"position\":1,\"name\":\"Home\",\"item\":\"https:\/\/servigroupinsurance.com\/en\/\"},{\"@type\":\"ListItem\",\"position\":2,\"name\":\"Sobre ServiGroup\"}]},{\"@type\":\"WebSite\",\"@id\":\"https:\/\/servigroupinsurance.com\/en\/#website\",\"url\":\"https:\/\/servigroupinsurance.com\/en\/\",\"name\":\"ServiGroup Insurance\",\"description\":\"ServiGroup Insurance\",\"potentialAction\":[{\"@type\":\"SearchAction\",\"target\":{\"@type\":\"EntryPoint\",\"urlTemplate\":\"https:\/\/servigroupinsurance.com\/en\/?s={search_term_string}\"},\"query-input\":\"required name=search_term_string\"}],\"inLanguage\":\"es\"}]}<\/script>\n<!-- \/ Yoast SEO plugin. -->","yoast_head_json":{"title":"Sobre ServiGroup - ServiGroup Insurance","robots":{"index":"index","follow":"follow","max-snippet":"max-snippet:-1","max-image-preview":"max-image-preview:large","max-video-preview":"max-video-preview:-1"},"canonical":"https:\/\/servigroupinsurance.com\/es\/sobre-servigroup\/","og_locale":"es_ES","og_type":"article","og_title":"Sobre ServiGroup - ServiGroup Insurance","og_url":"https:\/\/servigroupinsurance.com\/es\/sobre-servigroup\/","og_site_name":"ServiGroup Insurance","article_modified_time":"2021-03-02T05:37:00+00:00","og_image":[{"width":1584,"height":333,"url":"https:\/\/servigroupinsurance.com\/wp-content\/uploads\/2020\/10\/banner-de-servicios.jpg","type":"image\/jpeg"}],"twitter_card":"summary_large_image","twitter_misc":{"Tiempo de lectura":"2 minutos"},"schema":{"@context":"https:\/\/schema.org","@graph":[{"@type":"WebPage","@id":"https:\/\/servigroupinsurance.com\/en\/sobre-servigroup\/","url":"https:\/\/servigroupinsurance.com\/en\/sobre-servigroup\/","name":"Sobre ServiGroup - ServiGroup Insurance","isPartOf":{"@id":"https:\/\/servigroupinsurance.com\/en\/#website"},"datePublished":"2020-10-01T08:23:00+00:00","dateModified":"2021-03-02T05:37:00+00:00","breadcrumb":{"@id":"https:\/\/servigroupinsurance.com\/en\/sobre-servigroup\/#breadcrumb"},"inLanguage":"es","potentialAction":[{"@type":"ReadAction","target":["https:\/\/servigroupinsurance.com\/en\/sobre-servigroup\/"]}]},{"@type":"BreadcrumbList","@id":"https:\/\/servigroupinsurance.com\/en\/sobre-servigroup\/#breadcrumb","itemListElement":[{"@type":"ListItem","position":1,"name":"Home","item":"https:\/\/servigroupinsurance.com\/en\/"},{"@type":"ListItem","position":2,"name":"Sobre ServiGroup"}]},{"@type":"WebSite","@id":"https:\/\/servigroupinsurance.com\/en\/#website","url":"https:\/\/servigroupinsurance.com\/en\/","name":"ServiGroup Insurance","description":"ServiGroup Insurance","potentialAction":[{"@type":"SearchAction","target":{"@type":"EntryPoint","urlTemplate":"https:\/\/servigroupinsurance.com\/en\/?s={search_term_string}"},"query-input":"required name=search_term_string"}],"inLanguage":"es"}]}},"_links":{"self":[{"href":"https:\/\/servigroupinsurance.com\/es\/wp-json\/wp\/v2\/pages\/583"}],"collection":[{"href":"https:\/\/servigroupinsurance.com\/es\/wp-json\/wp\/v2\/pages"}],"about":[{"href":"https:\/\/servigroupinsurance.com\/es\/wp-json\/wp\/v2\/types\/page"}],"author":[{"embeddable":true,"href":"https:\/\/servigroupinsurance.com\/es\/wp-json\/wp\/v2\/users\/1"}],"replies":[{"embeddable":true,"href":"https:\/\/servigroupinsurance.com\/es\/wp-json\/wp\/v2\/comments?post=583"}],"version-history":[{"count":56,"href":"https:\/\/servigroupinsurance.com\/es\/wp-json\/wp\/v2\/pages\/583\/revisions"}],"predecessor-version":[{"id":25134,"href":"https:\/\/servigroupinsurance.com\/es\/wp-json\/wp\/v2\/pages\/583\/revisions\/25134"}],"wp:featuredmedia":[{"embeddable":true,"href":"https:\/\/servigroupinsurance.com\/es\/wp-json\/wp\/v2\/media\/804"}],"wp:attachment":[{"href":"https:\/\/servigroupinsurance.com\/es\/wp-json\/wp\/v2\/media?parent=583"}],"curies":[{"name":"wp","href":"https:\/\/api.w.org\/{rel}","templated":true}]}}