{"id":25244,"date":"2021-02-09T06:07:25","date_gmt":"2021-02-09T06:07:25","guid":{"rendered":"https:\/\/servigroupinsurance.com\/?page_id=25244"},"modified":"2021-02-28T11:25:27","modified_gmt":"2021-02-28T11:25:27","slug":"registro-empresas-notarizacion","status":"publish","type":"page","link":"https:\/\/servigroupinsurance.com\/es\/registro-empresas-notarizacion\/","title":{"rendered":"Registro de Empresas y Notarizaci\u00f3n"},"content":{"rendered":"<div id=\"vc_row-69e595abd7961\" class=\"vc_row wpb_row vc_row-fluid thegem-custom-69e595abd79283891\"><div class=\"wpb_column vc_column_container vc_col-sm-12 thegem-custom-69e595abd7cdc8105\"><div class=\"vc_column-inner thegem-custom-inner-69e595abd7cde \"><div class=\"wpb_wrapper\"><div class=\"clearboth\"><\/div><div class=\"gem-divider \" style=\"margin-top: 50px;\"><\/div>\r\n\t\r\n\t\t<div class=\"wpb_text_column wpb_content_element  vc_custom_1613103376197\" >\r\n\t\t\t<div class=\"wpb_wrapper\">\r\n\t\t\t\t<p style=\"text-align: center;\"><strong><span style=\"color: #3c3950; display: inline-block; margin: 0 auto; font-size: 25px; line-height: 35px;\">Servicios para el registro de empresas y notarizaci\u00f3n<\/span><\/strong><\/p>\n\r\n\t\t\t<\/div>\r\n\t\t<\/div>\r\n\t\r\n<div class=\"clearboth\"><\/div><div class=\"gem-divider \" style=\"margin-top: 20px;\"><\/div>\r\n\t\r\n\t\t<div class=\"wpb_text_column wpb_content_element \" >\r\n\t\t\t<div class=\"wpb_wrapper\">\r\n\t\t\t\t<div class=\"styled-subtitle\" style=\"text-align: center;\">En ServiGroup nos hemos consolidado como los pioneros en registro de empresas en la Florida, tanto para individuos naturales que viven dentro o fuero de Estados Unidos, como para peque\u00f1as y medianas empresas que ya est\u00e9n establecidas en el extranjero, pero que necesitan ampliar su alcance y alcanzar el mercado norteamericano.<\/div>\n\r\n\t\t\t<\/div>\r\n\t\t<\/div>\r\n\t\r\n<div class=\"clearboth\"><\/div><div class=\"gem-divider hide-on-mobile\" style=\"margin-top: 50px;\"><\/div><\/div><\/div><\/div><\/div><div id=\"vc_row-69e595abd8515\" class=\"vc_row wpb_row vc_row-fluid thegem-custom-69e595abd850d5537\"><div class=\"wpb_column vc_column_container vc_col-sm-12 vc_hidden-xs thegem-custom-69e595abd876f3800\"><div class=\"vc_column-inner thegem-custom-inner-69e595abd8771 \"><div class=\"wpb_wrapper\"><div class=\"clearboth\"><\/div><div class=\"gem-divider hide-on-mobile\" style=\"margin-top: 50px;\"><\/div><\/div><\/div><\/div><\/div><div class=\"vc_row-full-width-before\"><\/div><div id=\"vc_row-69e595abd8a65\" data-vc-full-width=\"true\" data-vc-full-width-init=\"false\" data-vc-stretch-content=\"true\" class=\"vc_row wpb_row vc_row-fluid inverse-column-mobile vc_custom_1614344837042 thegem-custom-69e595abd8a5a3490 vc_row-o-equal-height vc_row-flex\"><script type=\"text\/javascript\">if (typeof(gem_fix_fullwidth_position) == \"function\") { gem_fix_fullwidth_position(document.getElementById(\"vc_row-69e595abd8a65\")); }<\/script><div class=\"wpb_column vc_column_container vc_col-sm-6 thegem-custom-69e595abd8cdb6645 vc_col-has-fill\"><div class=\"vc_column-inner thegem-custom-inner-69e595abd8cdd vc_custom_1613104103320\"><div class=\"wpb_wrapper\"><div class=\"clearboth\"><\/div><div class=\"gem-divider \" style=\"margin-top: 500px;\"><\/div><\/div><\/div><\/div><div class=\"wpb_column vc_column_container vc_col-sm-6 thegem-custom-69e595abd8efe167 disable-custom-paggings-tablet disable-custom-paggings-mobile\"><div class=\"vc_column-inner thegem-custom-inner-69e595abd8f00 vc_custom_1612850760068\"><div class=\"wpb_wrapper\"><div class=\"clearboth\"><\/div><div class=\"gem-divider divider-hidden\" style=\"margin-top: 80px;\"><\/div>\r\n\t\r\n\t\t<div class=\"wpb_text_column wpb_content_element  vc_custom_1613103924679\" >\r\n\t\t\t<div class=\"wpb_wrapper\">\r\n\t\t\t\t<div class=\"title-h2\"><span style=\"color: #3c3950;\">Registro y Renovaci\u00f3n de Empresas<\/span><\/div>\n\r\n\t\t\t<\/div>\r\n\t\t<\/div>\r\n\t\r\n\r\n\t\r\n\t\t<div class=\"wpb_text_column wpb_content_element \" >\r\n\t\t\t<div class=\"wpb_wrapper\">\r\n\t\t\t\t<div class=\"styled-subtitle\">Nuestro trabajo es proporcionar un camino sencillo para que los clientes puedan cumplir con todo tipo de tr\u00e1mites legales. Por ese motivo, brindamos asesor\u00eda en la constituci\u00f3n de corporaciones y socidades comerciales. Realizamos procesos de registro, renovaciones, disoluciones y enmiendas.<\/div>\n\r\n\t\t\t<\/div>\r\n\t\t<\/div>\r\n\t\r\n<div class=\"clearboth\"><\/div><div class=\"gem-divider \" style=\"margin-top: 35px;\"><\/div><style type=\"text\/css\">.thegem-button-69e595abd92d19155.lazy-loading-before-start-animation .lazy-loading-item {opacity: 0;}<\/style><div class=\"gem-button-container gem-button-position-inline thegem-button-69e595abd92d19155 lazy-loading lazy-loading-before-start-animation\" ><a title=\"Contacto\" class=\"gem-button gem-button-size-medium gem-button-style-flat gem-button-text-weight-normal lazy-loading-item\"data-ll-effect=\"drop-right-without-wrap\" style=\"border-radius: 6px;background-color: #0051a0;color: #ffffff;\" onmouseleave=\"this.style.backgroundColor='#0051a0';this.style.color='#ffffff';\" onmouseenter=\"this.style.backgroundColor='#ffffff';this.style.color='#0051a0';\" href=\"https:\/\/servigroupinsurance.com\/contacto\/\" target=\"_self\">M\u00e1s Informaci\u00f3n<\/a><\/div> <div class=\"clearboth\"><\/div><div class=\"gem-divider \" style=\"margin-top: 80px;\"><\/div><\/div><\/div><\/div><\/div><div class=\"vc_row-full-width vc_clearfix\"><\/div><div class=\"vc_row-full-width-before\"><\/div><div id=\"vc_row-69e595abd9555\" data-vc-full-width=\"true\" data-vc-full-width-init=\"false\" data-vc-stretch-content=\"true\" class=\"vc_row wpb_row vc_row-fluid vc_custom_1586773203335 thegem-custom-69e595abd954b7783 vc_row-o-equal-height vc_row-o-content-middle vc_row-flex\"><script type=\"text\/javascript\">if (typeof(gem_fix_fullwidth_position) == \"function\") { gem_fix_fullwidth_position(document.getElementById(\"vc_row-69e595abd9555\")); }<\/script><div class=\"wpb_column vc_column_container vc_col-sm-6 thegem-custom-69e595abd9775769 disable-custom-paggings-tablet disable-custom-paggings-mobile\"><div class=\"vc_column-inner thegem-custom-inner-69e595abd9777 vc_custom_1612851170725\"><div class=\"wpb_wrapper\"><div class=\"clearboth\"><\/div><div class=\"gem-divider divider-hidden\" style=\"margin-top: 100px;\"><\/div>\r\n\t\r\n\t\t<div class=\"wpb_text_column wpb_content_element  vc_custom_1612851317194\" >\r\n\t\t\t<div class=\"wpb_wrapper\">\r\n\t\t\t\t<div class=\"title-h2\"><span style=\"color: #3c3950;\">Notar\u00eda P\u00fablica y Legalizaci\u00f3n<\/span><\/div>\n\r\n\t\t\t<\/div>\r\n\t\t<\/div>\r\n\t\r\n\r\n\t\r\n\t\t<div class=\"wpb_text_column wpb_content_element \" >\r\n\t\t\t<div class=\"wpb_wrapper\">\r\n\t\t\t\t<div class=\"styled-subtitle\">Realice notarizaciones en su oficina comercial o en el domicilio del cliente. Podemos autenticar documentos de manera oportuna y profesional, como por ejemplo poderes generales, reconocimiento de firmas, documentos corporativos, ceremonia de matrimonios y copias certificadas.<\/div>\n\r\n\t\t\t<\/div>\r\n\t\t<\/div>\r\n\t\r\n<div class=\"clearboth\"><\/div><div class=\"gem-divider \" style=\"margin-top: 35px;\"><\/div><style type=\"text\/css\">.thegem-button-69e595abd9ac34605.lazy-loading-before-start-animation .lazy-loading-item {opacity: 0;}<\/style><div class=\"gem-button-container gem-button-position-inline thegem-button-69e595abd9ac34605 lazy-loading lazy-loading-before-start-animation\" ><a title=\"Contacto\" class=\"gem-button gem-button-size-medium gem-button-style-flat gem-button-text-weight-normal lazy-loading-item\"data-ll-effect=\"drop-right-without-wrap\" style=\"border-radius: 6px;background-color: #0051a0;color: #ffffff;\" onmouseleave=\"this.style.backgroundColor='#0051a0';this.style.color='#ffffff';\" onmouseenter=\"this.style.backgroundColor='#ffffff';this.style.color='#0051a0';\" href=\"https:\/\/servigroupinsurance.com\/contacto\/\" target=\"_self\">M\u00e1s Informaci\u00f3n<\/a><\/div> <div class=\"clearboth\"><\/div><div class=\"gem-divider \" style=\"margin-top: 80px;\"><\/div><\/div><\/div><\/div><div class=\"wpb_column vc_column_container vc_col-sm-6 thegem-custom-69e595abd9cd71531 vc_col-has-fill\"><div class=\"vc_column-inner thegem-custom-inner-69e595abd9cd9 vc_custom_1613104135674\"><div class=\"wpb_wrapper\"><div class=\"clearboth\"><\/div><div class=\"gem-divider \" style=\"margin-top: 500px;\"><\/div><\/div><\/div><\/div><\/div><div class=\"vc_row-full-width vc_clearfix\"><\/div><div id=\"vc_row-69e595abd9f85\" class=\"vc_row wpb_row vc_row-fluid thegem-custom-69e595abd9f7e244\"><div class=\"wpb_column vc_column_container vc_col-sm-12 thegem-custom-69e595abda1819891\"><div class=\"vc_column-inner thegem-custom-inner-69e595abda183 \"><div class=\"wpb_wrapper\"><div class=\"clearboth\"><\/div><div class=\"gem-divider \" style=\"margin-top: 80px;\"><\/div><\/div><\/div><\/div><\/div><div class=\"vc_row-full-width-before\"><\/div><div id=\"vc_row-69e595abda40d\" data-vc-full-width=\"true\" data-vc-full-width-init=\"false\" class=\"vc_row wpb_row vc_row-fluid inverse-column-mobile thegem-custom-69e595abda4069169\"><script type=\"text\/javascript\">if (typeof(gem_fix_fullwidth_position) == \"function\") { gem_fix_fullwidth_position(document.getElementById(\"vc_row-69e595abda40d\")); }<\/script><div class=\"wpb_column vc_column_container vc_col-sm-6 thegem-custom-69e595abda6739613\"><div class=\"vc_column-inner thegem-custom-inner-69e595abda675 \"><div class=\"wpb_wrapper\">\n<div class=\"wpcf7 no-js\" id=\"wpcf7-f25123-o1\" lang=\"en-US\" dir=\"ltr\">\n<div class=\"screen-reader-response\"><p role=\"status\" aria-live=\"polite\" aria-atomic=\"true\"><\/p> <ul><\/ul><\/div>\n<form action=\"\/es\/wp-json\/wp\/v2\/pages\/25244#wpcf7-f25123-o1\" method=\"post\" class=\"wpcf7-form init\" aria-label=\"Contact form\" novalidate=\"novalidate\" data-status=\"init\">\n<div style=\"display: none;\">\n<input type=\"hidden\" name=\"_wpcf7\" value=\"25123\" \/>\n<input type=\"hidden\" name=\"_wpcf7_version\" value=\"5.7.7\" \/>\n<input type=\"hidden\" name=\"_wpcf7_locale\" value=\"en_US\" \/>\n<input type=\"hidden\" name=\"_wpcf7_unit_tag\" value=\"wpcf7-f25123-o1\" \/>\n<input type=\"hidden\" name=\"_wpcf7_container_post\" value=\"0\" \/>\n<input type=\"hidden\" name=\"_wpcf7_posted_data_hash\" value=\"\" \/>\n<input type=\"hidden\" name=\"_wpcf7_recaptcha_response\" value=\"\" \/>\n<\/div>\n<p><span class=\"wpcf7-form-control-wrap\" data-name=\"your-email\"><input size=\"40\" class=\"wpcf7-form-control wpcf7-text wpcf7-email wpcf7-validates-as-required wpcf7-validates-as-email\" aria-required=\"true\" aria-invalid=\"false\" value=\"Email*\" type=\"email\" name=\"your-email\" \/><\/span>\n<\/p>\n<p><span class=\"wpcf7-form-control-wrap\" data-name=\"your-subject\"><input size=\"40\" class=\"wpcf7-form-control wpcf7-text wpcf7-validates-as-required\" aria-required=\"true\" aria-invalid=\"false\" value=\"T\u00edtulo\" type=\"text\" name=\"your-subject\" \/><\/span>\n<\/p>\n<p><span class=\"wpcf7-form-control-wrap\" data-name=\"your-message\"><textarea cols=\"40\" rows=\"10\" class=\"wpcf7-form-control wpcf7-textarea\" aria-invalid=\"false\" name=\"your-message\">Mensaje<\/textarea><\/span>\n<\/p>\n<p><input class=\"wpcf7-form-control wpcf7-submit\" type=\"submit\" value=\"ENVIAR MENSAJE\" \/>\n<\/p><div class=\"wpcf7-response-output\" aria-hidden=\"true\"><\/div>\n<\/form>\n<\/div>\n<\/div><\/div><\/div><div class=\"wpb_column vc_column_container vc_col-sm-6 thegem-custom-69e595abdc0767944\"><div class=\"vc_column-inner thegem-custom-inner-69e595abdc078 \"><div class=\"wpb_wrapper\">\r\n\t\r\n\t\t<div class=\"wpb_text_column wpb_content_element \" >\r\n\t\t\t<div class=\"wpb_wrapper\">\r\n\t\t\t\t<div class=\"title-h6\" style=\"text-align: left; margin-bottom: 20px;\"><span style=\"font-size: 18px; color: #3c3950;\">Direcci\u00f3n<\/span><\/div>\n\r\n\t\t\t<\/div>\r\n\t\t<\/div>\r\n\t\r\n\r\n\t\r\n\t\t<div class=\"wpb_text_column wpb_content_element \" >\r\n\t\t\t<div class=\"wpb_wrapper\">\r\n\t\t\t\t<div class=\"title-h6\" style=\"font-size: 18px; color: #0051a0;\">4732 US Hwy 98 N. Lakeland, 33809<\/div>\n\r\n\t\t\t<\/div>\r\n\t\t<\/div>\r\n\t\r\n<div class=\"clearboth\"><\/div><div class=\"gem-divider \" style=\"margin-top: 20px;\"><\/div>\r\n\t\r\n\t\t<div class=\"wpb_text_column wpb_content_element \" >\r\n\t\t\t<div class=\"wpb_wrapper\">\r\n\t\t\t\t<div class=\"title-h6\" style=\"text-align: left; margin-bottom: 20px;\"><span style=\"font-size: 18px; color: #3c3950;\"><br \/>\nTel\u00e9fono<\/span><\/div>\n\r\n\t\t\t<\/div>\r\n\t\t<\/div>\r\n\t\r\n\r\n\t\r\n\t\t<div class=\"wpb_text_column wpb_content_element \" >\r\n\t\t\t<div class=\"wpb_wrapper\">\r\n\t\t\t\t<div class=\"title-h6\"><a style=\"font-size: 18px; color: #0051a0;\" href=\"tel:+1 (863) 812-9783\">+1 (863) 812-9783<\/a><\/div>\n\r\n\t\t\t<\/div>\r\n\t\t<\/div>\r\n\t\r\n<div class=\"clearboth\"><\/div><div class=\"gem-divider \" style=\"margin-top: 20px;\"><\/div>\r\n\t\r\n\t\t<div class=\"wpb_text_column wpb_content_element \" >\r\n\t\t\t<div class=\"wpb_wrapper\">\r\n\t\t\t\t<div class=\"title-h6\" style=\"text-align: left; margin-bottom: 20px;\"><span style=\"font-size: 18px; color: #3c3950;\"><br \/>\nEmail<\/span><\/div>\n\r\n\t\t\t<\/div>\r\n\t\t<\/div>\r\n\t\r\n\r\n\t\r\n\t\t<div class=\"wpb_text_column wpb_content_element \" >\r\n\t\t\t<div class=\"wpb_wrapper\">\r\n\t\t\t\t<div class=\"title-h6\" style=\"font-size: 18px;\"><a style=\"color: #0051a0;\" href=\"mailto:info@servigroupinsurance.com\">info@servigroupinsurance.com<\/a><\/div>\n\r\n\t\t\t<\/div>\r\n\t\t<\/div>\r\n\t\r\n<\/div><\/div><\/div><\/div><div class=\"vc_row-full-width vc_clearfix\"><\/div><div id=\"vc_row-69e595abdca80\" class=\"vc_row wpb_row vc_row-fluid thegem-custom-69e595abdca785383\"><div class=\"wpb_column vc_column_container vc_col-sm-12 thegem-custom-69e595abdccb88059\"><div class=\"vc_column-inner thegem-custom-inner-69e595abdccba \"><div class=\"wpb_wrapper\"><div class=\"clearboth\"><\/div><div class=\"gem-divider \" style=\"margin-top: 50px;\"><\/div><\/div><\/div><\/div><\/div>\n","protected":false},"excerpt":{"rendered":"","protected":false},"author":1,"featured_media":591,"parent":0,"menu_order":0,"comment_status":"closed","ping_status":"closed","template":"","meta":{"footnotes":""},"class_list":["post-25244","page","type-page","status-publish","has-post-thumbnail"],"yoast_head":"<!-- This site is optimized with the Yoast SEO plugin v20.6 - https:\/\/yoast.com\/wordpress\/plugins\/seo\/ -->\n<title>Registro de Empresas y Notarizaci\u00f3n - ServiGroup Insurance<\/title>\n<meta name=\"robots\" content=\"index, follow, max-snippet:-1, max-image-preview:large, max-video-preview:-1\" \/>\n<link rel=\"canonical\" href=\"https:\/\/servigroupinsurance.com\/es\/registro-empresas-notarizacion\/\" \/>\n<meta property=\"og:locale\" content=\"es_ES\" \/>\n<meta property=\"og:type\" content=\"article\" \/>\n<meta property=\"og:title\" content=\"Registro de Empresas y Notarizaci\u00f3n - ServiGroup Insurance\" \/>\n<meta property=\"og:url\" content=\"https:\/\/servigroupinsurance.com\/es\/registro-empresas-notarizacion\/\" \/>\n<meta property=\"og:site_name\" content=\"ServiGroup Insurance\" \/>\n<meta property=\"article:modified_time\" content=\"2021-02-28T11:25:27+00:00\" \/>\n<meta property=\"og:image\" content=\"https:\/\/servigroupinsurance.com\/wp-content\/uploads\/2020\/10\/banner-1.jpg\" \/>\n\t<meta property=\"og:image:width\" content=\"1920\" \/>\n\t<meta property=\"og:image:height\" content=\"330\" \/>\n\t<meta property=\"og:image:type\" content=\"image\/jpeg\" \/>\n<meta name=\"twitter:card\" content=\"summary_large_image\" \/>\n<meta name=\"twitter:label1\" content=\"Tiempo de lectura\" \/>\n\t<meta name=\"twitter:data1\" content=\"2 minutos\" \/>\n<script type=\"application\/ld+json\" class=\"yoast-schema-graph\">{\"@context\":\"https:\/\/schema.org\",\"@graph\":[{\"@type\":\"WebPage\",\"@id\":\"https:\/\/servigroupinsurance.com\/es\/registro-empresas-notarizacion\/\",\"url\":\"https:\/\/servigroupinsurance.com\/es\/registro-empresas-notarizacion\/\",\"name\":\"Registro de Empresas y Notarizaci\u00f3n - ServiGroup Insurance\",\"isPartOf\":{\"@id\":\"https:\/\/servigroupinsurance.com\/en\/#website\"},\"datePublished\":\"2021-02-09T06:07:25+00:00\",\"dateModified\":\"2021-02-28T11:25:27+00:00\",\"breadcrumb\":{\"@id\":\"https:\/\/servigroupinsurance.com\/es\/registro-empresas-notarizacion\/#breadcrumb\"},\"inLanguage\":\"es\",\"potentialAction\":[{\"@type\":\"ReadAction\",\"target\":[\"https:\/\/servigroupinsurance.com\/es\/registro-empresas-notarizacion\/\"]}]},{\"@type\":\"BreadcrumbList\",\"@id\":\"https:\/\/servigroupinsurance.com\/es\/registro-empresas-notarizacion\/#breadcrumb\",\"itemListElement\":[{\"@type\":\"ListItem\",\"position\":1,\"name\":\"Home\",\"item\":\"https:\/\/servigroupinsurance.com\/en\/\"},{\"@type\":\"ListItem\",\"position\":2,\"name\":\"Registro de Empresas y Notarizaci\u00f3n\"}]},{\"@type\":\"WebSite\",\"@id\":\"https:\/\/servigroupinsurance.com\/en\/#website\",\"url\":\"https:\/\/servigroupinsurance.com\/en\/\",\"name\":\"ServiGroup Insurance\",\"description\":\"ServiGroup Insurance\",\"potentialAction\":[{\"@type\":\"SearchAction\",\"target\":{\"@type\":\"EntryPoint\",\"urlTemplate\":\"https:\/\/servigroupinsurance.com\/en\/?s={search_term_string}\"},\"query-input\":\"required name=search_term_string\"}],\"inLanguage\":\"es\"}]}<\/script>\n<!-- \/ Yoast SEO plugin. -->","yoast_head_json":{"title":"Registro de Empresas y Notarizaci\u00f3n - ServiGroup Insurance","robots":{"index":"index","follow":"follow","max-snippet":"max-snippet:-1","max-image-preview":"max-image-preview:large","max-video-preview":"max-video-preview:-1"},"canonical":"https:\/\/servigroupinsurance.com\/es\/registro-empresas-notarizacion\/","og_locale":"es_ES","og_type":"article","og_title":"Registro de Empresas y Notarizaci\u00f3n - ServiGroup Insurance","og_url":"https:\/\/servigroupinsurance.com\/es\/registro-empresas-notarizacion\/","og_site_name":"ServiGroup Insurance","article_modified_time":"2021-02-28T11:25:27+00:00","og_image":[{"width":1920,"height":330,"url":"https:\/\/servigroupinsurance.com\/wp-content\/uploads\/2020\/10\/banner-1.jpg","type":"image\/jpeg"}],"twitter_card":"summary_large_image","twitter_misc":{"Tiempo de lectura":"2 minutos"},"schema":{"@context":"https:\/\/schema.org","@graph":[{"@type":"WebPage","@id":"https:\/\/servigroupinsurance.com\/es\/registro-empresas-notarizacion\/","url":"https:\/\/servigroupinsurance.com\/es\/registro-empresas-notarizacion\/","name":"Registro de Empresas y Notarizaci\u00f3n - ServiGroup Insurance","isPartOf":{"@id":"https:\/\/servigroupinsurance.com\/en\/#website"},"datePublished":"2021-02-09T06:07:25+00:00","dateModified":"2021-02-28T11:25:27+00:00","breadcrumb":{"@id":"https:\/\/servigroupinsurance.com\/es\/registro-empresas-notarizacion\/#breadcrumb"},"inLanguage":"es","potentialAction":[{"@type":"ReadAction","target":["https:\/\/servigroupinsurance.com\/es\/registro-empresas-notarizacion\/"]}]},{"@type":"BreadcrumbList","@id":"https:\/\/servigroupinsurance.com\/es\/registro-empresas-notarizacion\/#breadcrumb","itemListElement":[{"@type":"ListItem","position":1,"name":"Home","item":"https:\/\/servigroupinsurance.com\/en\/"},{"@type":"ListItem","position":2,"name":"Registro de Empresas y Notarizaci\u00f3n"}]},{"@type":"WebSite","@id":"https:\/\/servigroupinsurance.com\/en\/#website","url":"https:\/\/servigroupinsurance.com\/en\/","name":"ServiGroup Insurance","description":"ServiGroup Insurance","potentialAction":[{"@type":"SearchAction","target":{"@type":"EntryPoint","urlTemplate":"https:\/\/servigroupinsurance.com\/en\/?s={search_term_string}"},"query-input":"required name=search_term_string"}],"inLanguage":"es"}]}},"_links":{"self":[{"href":"https:\/\/servigroupinsurance.com\/es\/wp-json\/wp\/v2\/pages\/25244","targetHints":{"allow":["GET"]}}],"collection":[{"href":"https:\/\/servigroupinsurance.com\/es\/wp-json\/wp\/v2\/pages"}],"about":[{"href":"https:\/\/servigroupinsurance.com\/es\/wp-json\/wp\/v2\/types\/page"}],"author":[{"embeddable":true,"href":"https:\/\/servigroupinsurance.com\/es\/wp-json\/wp\/v2\/users\/1"}],"replies":[{"embeddable":true,"href":"https:\/\/servigroupinsurance.com\/es\/wp-json\/wp\/v2\/comments?post=25244"}],"version-history":[{"count":13,"href":"https:\/\/servigroupinsurance.com\/es\/wp-json\/wp\/v2\/pages\/25244\/revisions"}],"predecessor-version":[{"id":25421,"href":"https:\/\/servigroupinsurance.com\/es\/wp-json\/wp\/v2\/pages\/25244\/revisions\/25421"}],"wp:featuredmedia":[{"embeddable":true,"href":"https:\/\/servigroupinsurance.com\/es\/wp-json\/wp\/v2\/media\/591"}],"wp:attachment":[{"href":"https:\/\/servigroupinsurance.com\/es\/wp-json\/wp\/v2\/media?parent=25244"}],"curies":[{"name":"wp","href":"https:\/\/api.w.org\/{rel}","templated":true}]}}