{"id":25239,"date":"2021-02-09T05:57:35","date_gmt":"2021-02-09T05:57:35","guid":{"rendered":"https:\/\/servigroupinsurance.com\/?page_id=25239"},"modified":"2021-02-28T05:12:55","modified_gmt":"2021-02-28T05:12:55","slug":"preparacion-de-taxes","status":"publish","type":"page","link":"https:\/\/servigroupinsurance.com\/es\/preparacion-de-taxes\/","title":{"rendered":"Preparaci\u00f3n de Taxes"},"content":{"rendered":"<div id=\"vc_row-69e64b6090a98\" class=\"vc_row wpb_row vc_row-fluid thegem-custom-69e64b6090a636182\"><div class=\"wpb_column vc_column_container vc_col-sm-3 vc_hidden-xs thegem-custom-69e64b6090df51670\"><div class=\"vc_column-inner thegem-custom-inner-69e64b6090df8 \"><div class=\"wpb_wrapper\"><div  class=\"wpb_widgetised_column wpb_content_element\">\n\t\t<div class=\"wpb_wrapper\">\n\t\t\t\n\t\t\t<aside id=\"custom_html-2\" class=\"widget_text widget widget_custom_html\"><div class=\"textwidget custom-html-widget\"><p>\r\n\t&nbsp;\r\n<\/p><\/div><\/aside><aside id=\"nav_menu-2\" class=\"widget widget_nav_menu\"><div class=\"menu-servicios-container\"><ul id=\"menu-servicios\" class=\"menu\"><li id=\"menu-item-25128\" class=\"menu-item menu-item-type-post_type menu-item-object-page menu-item-25128\"><a href=\"https:\/\/servigroupinsurance.com\/es\/seguros-salud\/\">Seguros de Salud<\/a><\/li>\n<li id=\"menu-item-25159\" class=\"menu-item menu-item-type-post_type menu-item-object-page menu-item-25159\"><a href=\"https:\/\/servigroupinsurance.com\/es\/seguros-vida\/\">Seguros de Vida<\/a><\/li>\n<li id=\"menu-item-25182\" class=\"menu-item menu-item-type-post_type menu-item-object-page menu-item-25182\"><a href=\"https:\/\/servigroupinsurance.com\/es\/seguros-auto\/\">Seguros de Auto<\/a><\/li>\n<li id=\"menu-item-25188\" class=\"menu-item menu-item-type-post_type menu-item-object-page menu-item-25188\"><a href=\"https:\/\/servigroupinsurance.com\/es\/seguros-vivienda\/\">Seguros de Vivienda<\/a><\/li>\n<li id=\"menu-item-25237\" class=\"menu-item menu-item-type-post_type menu-item-object-page menu-item-25237\"><a href=\"https:\/\/servigroupinsurance.com\/es\/seguro-comercial\/\">Seguro Comercial<\/a><\/li>\n<li id=\"menu-item-25257\" class=\"menu-item menu-item-type-post_type menu-item-object-page menu-item-25257\"><a href=\"https:\/\/servigroupinsurance.com\/es\/preparacion-de-taxes\/\">Preparaci\u00f3n de Taxes<\/a><\/li>\n<li id=\"menu-item-25256\" class=\"menu-item menu-item-type-post_type menu-item-object-page menu-item-25256\"><a href=\"https:\/\/servigroupinsurance.com\/es\/registro-empresas-notarizacion\/\">Registro de Empresas y Notarizaci\u00f3n<\/a><\/li>\n<\/ul><\/div><\/aside><aside id=\"text-3\" class=\"widget widget_text\">\t\t\t<div class=\"textwidget\"><div class=\"row m0 con_info\">\n<div class=\"contact_info_img\">\n<h2>Contact Info<\/h2>\n<\/div>\n<div class=\"contact_list\"><a style=\"font-size: 20px;color: #0051a0;\" href=\"telf:+18633375986\"><i class=\"fa fa-phone\"><\/i>+1 (863) 337-5986<\/a><br \/>\n<a style=\"font-size: 20px;color: #0051a0;line-height:30px\" href=\"mailto:info@servigroupinsurance.com\"><i class=\"fa fa-paper-plane\"><\/i>info@servigroupinsurance.com<br \/>\n<\/a><\/div>\n<\/div>\n<\/div>\n\t\t<\/aside>\n\t\t<\/div>\n\t<\/div>\n<\/div><\/div><\/div><div class=\"wpb_column vc_column_container vc_col-sm-9 vc_col-lg-9 vc_col-md-9 vc_col-xs-12 thegem-custom-69e64b60932889101\"><div class=\"vc_column-inner thegem-custom-inner-69e64b609328a \"><div class=\"wpb_wrapper\"><div class=\"clearboth\"><\/div><div class=\"gem-divider \" style=\"margin-top: 50px;\"><\/div>\r\n\t\r\n\t<div  class=\"wpb_single_image wpb_content_element vc_align_center\" >\r\n\t\t\r\n\t\t<figure class=\"wpb_wrapper vc_figure\">\r\n\t\t\t<div class=\"vc_single_image-wrapper   vc_box_border_grey\"><img decoding=\"async\" width=\"840\" height=\"325\" src=\"https:\/\/servigroupinsurance.com\/wp-content\/uploads\/2020\/10\/taxes.jpg\" class=\"vc_single_image-img attachment-full\" alt=\"\" srcset=\"https:\/\/servigroupinsurance.com\/wp-content\/uploads\/2020\/10\/taxes.jpg 840w, https:\/\/servigroupinsurance.com\/wp-content\/uploads\/2020\/10\/taxes-300x116.jpg 300w, https:\/\/servigroupinsurance.com\/wp-content\/uploads\/2020\/10\/taxes-768x297.jpg 768w\" sizes=\"(max-width: 840px) 100vw, 840px\" \/><\/div>\r\n\t\t<\/figure>\r\n\t<\/div>\r\n\t\r\n<div class=\"clearboth\"><\/div><div class=\"gem-divider \" style=\"margin-top: 50px;\"><\/div>\r\n\t\r\n\t\t<div class=\"wpb_text_column wpb_content_element  vc_custom_1613102576934\" >\r\n\t\t\t<div class=\"wpb_wrapper\">\r\n\t\t\t\t<p><strong><span style=\"color: #3c3950; display: inline-block; margin: 0 auto; font-size: 25px; line-height: 35px;\">Preparaci\u00f3n de Impuestos Personales y de Negocios<\/span><\/strong><\/p>\n\r\n\t\t\t<\/div>\r\n\t\t<\/div>\r\n\t\r\n<div class=\"clearboth\"><\/div><div class=\"gem-divider \" style=\"margin-top: 20px;\"><\/div>\r\n\t\r\n\t\t<div class=\"wpb_text_column wpb_content_element \" >\r\n\t\t\t<div class=\"wpb_wrapper\">\r\n\t\t\t\t<p>En Servigroup estamos altamente calificados para ayudarlo a elaborar su declaraci\u00f3n de impuestos, ya sea personales o de negocios. Nuestro objetivo es brindar la asesor\u00eda correcta, para hacer de este proceso algo f\u00e1cil, r\u00e1pido y sin complicaciones.<\/p>\n\r\n\t\t\t<\/div>\r\n\t\t<\/div>\r\n\t\r\n<div class=\"clearboth\"><\/div><div class=\"gem-divider \" style=\"margin-top: 50px;\"><\/div><div class=\"vc_row wpb_row vc_inner vc_row-fluid custom-inner-column-69e64b6093fb8\"><div class=\"wpb_column vc_column_container vc_col-sm-6\"><div class=\"vc_column-inner thegem-custom-inner-69e64b6094201 \"><div class=\"wpb_wrapper\">\r\n\t\r\n\t\t<div class=\"wpb_text_column wpb_content_element  vc_custom_1613102637458\" >\r\n\t\t\t<div class=\"wpb_wrapper\">\r\n\t\t\t\t<p><strong><span style=\"color: #3c3950; display: inline-block; margin: 0 auto; font-size: 25px; line-height: 35px;\">Conf\u00ede en los especialistas<\/span><\/strong><\/p>\n\r\n\t\t\t<\/div>\r\n\t\t<\/div>\r\n\t\r\n<div class=\"clearboth\"><\/div><div class=\"gem-divider \" style=\"margin-top: 20px;\"><\/div>\r\n\t\r\n\t\t<div class=\"wpb_text_column wpb_content_element \" >\r\n\t\t\t<div class=\"wpb_wrapper\">\r\n\t\t\t\t<p>Nuestros tributarios lo tratar\u00e1n como el valioso cliente que es, \u00a1en ingl\u00e9s o espa\u00f1ol!<\/p>\n<p>&nbsp;<\/p>\n<p>Nuestras oficinas est\u00e1n abiertas todo el a\u00f1o con el fin de ayudarle con sus necesidades fiscales. No es necesario hacer una cita para realizar sus impuestos con nosotros.<\/p>\n\r\n\t\t\t<\/div>\r\n\t\t<\/div>\r\n\t\r\n<div class=\"clearboth\"><\/div><div class=\"gem-divider \" style=\"margin-top: 10px;\"><\/div><\/div><\/div><\/div><div class=\"wpb_column vc_column_container vc_col-sm-6\"><div class=\"vc_column-inner thegem-custom-inner-69e64b60946e4 \"><div class=\"wpb_wrapper\"><div class=\"clearboth\"><\/div><div class=\"gem-divider \" style=\"margin-top: 20px;\"><\/div><div class=\"centered-box gem-image-centered-box\"><div class=\"gem-image gem-wrapbox gem-wrapbox-style-default gem-wrapbox-position-centered\"  style=\"\"><div class=\"gem-wrapbox-inner \" ><a href=\"https:\/\/servigroupinsurance.com\/wp-content\/uploads\/2020\/10\/foto-taxes.jpg\" class=\"fancybox\"><img decoding=\"async\" class=\"gem-wrapbox-element img-responsive\" src=\"https:\/\/servigroupinsurance.com\/wp-content\/uploads\/2020\/10\/foto-taxes.jpg\" alt=\"\"\/><\/a><\/div><\/div><\/div><div class=\"clearboth\"><\/div><div class=\"gem-divider \" style=\"margin-top: 50px;\"><\/div><\/div><\/div><\/div><\/div><\/div><\/div><\/div><\/div><div id=\"vc_row-69e64b6094b6a\" class=\"vc_row wpb_row vc_row-fluid thegem-custom-69e64b6094b604819\"><div class=\"wpb_column vc_column_container vc_col-sm-12 thegem-custom-69e64b6094dc67490\"><div class=\"vc_column-inner thegem-custom-inner-69e64b6094dc8 \"><div class=\"wpb_wrapper\"><div class=\"clearboth\"><\/div><div class=\"gem-divider \" style=\"margin-top: 50px;\"><\/div><\/div><\/div><\/div><\/div><div class=\"vc_row-full-width-before\"><\/div><div id=\"vc_row-69e64b60950a8\" data-vc-full-width=\"true\" data-vc-full-width-init=\"false\" class=\"vc_row wpb_row vc_row-fluid inverse-column-mobile thegem-custom-69e64b60950a02258\"><script type=\"text\/javascript\">if (typeof(gem_fix_fullwidth_position) == \"function\") { gem_fix_fullwidth_position(document.getElementById(\"vc_row-69e64b60950a8\")); }<\/script><div class=\"wpb_column vc_column_container vc_col-sm-6 thegem-custom-69e64b60953307720\"><div class=\"vc_column-inner thegem-custom-inner-69e64b6095333 \"><div class=\"wpb_wrapper\">\n<div class=\"wpcf7 no-js\" id=\"wpcf7-f25123-o1\" lang=\"en-US\" dir=\"ltr\">\n<div class=\"screen-reader-response\"><p role=\"status\" aria-live=\"polite\" aria-atomic=\"true\"><\/p> <ul><\/ul><\/div>\n<form action=\"\/es\/wp-json\/wp\/v2\/pages\/25239#wpcf7-f25123-o1\" method=\"post\" class=\"wpcf7-form init\" aria-label=\"Contact form\" novalidate=\"novalidate\" data-status=\"init\">\n<div style=\"display: none;\">\n<input type=\"hidden\" name=\"_wpcf7\" value=\"25123\" \/>\n<input type=\"hidden\" name=\"_wpcf7_version\" value=\"5.7.7\" \/>\n<input type=\"hidden\" name=\"_wpcf7_locale\" value=\"en_US\" \/>\n<input type=\"hidden\" name=\"_wpcf7_unit_tag\" value=\"wpcf7-f25123-o1\" \/>\n<input type=\"hidden\" name=\"_wpcf7_container_post\" value=\"0\" \/>\n<input type=\"hidden\" name=\"_wpcf7_posted_data_hash\" value=\"\" \/>\n<input type=\"hidden\" name=\"_wpcf7_recaptcha_response\" value=\"\" \/>\n<\/div>\n<p><span class=\"wpcf7-form-control-wrap\" data-name=\"your-email\"><input size=\"40\" class=\"wpcf7-form-control wpcf7-text wpcf7-email wpcf7-validates-as-required wpcf7-validates-as-email\" aria-required=\"true\" aria-invalid=\"false\" value=\"Email*\" type=\"email\" name=\"your-email\" \/><\/span>\n<\/p>\n<p><span class=\"wpcf7-form-control-wrap\" data-name=\"your-subject\"><input size=\"40\" class=\"wpcf7-form-control wpcf7-text wpcf7-validates-as-required\" aria-required=\"true\" aria-invalid=\"false\" value=\"T\u00edtulo\" type=\"text\" name=\"your-subject\" \/><\/span>\n<\/p>\n<p><span class=\"wpcf7-form-control-wrap\" data-name=\"your-message\"><textarea cols=\"40\" rows=\"10\" class=\"wpcf7-form-control wpcf7-textarea\" aria-invalid=\"false\" name=\"your-message\">Mensaje<\/textarea><\/span>\n<\/p>\n<p><input class=\"wpcf7-form-control wpcf7-submit\" type=\"submit\" value=\"ENVIAR MENSAJE\" \/>\n<\/p><div class=\"wpcf7-response-output\" aria-hidden=\"true\"><\/div>\n<\/form>\n<\/div>\n<\/div><\/div><\/div><div class=\"wpb_column vc_column_container vc_col-sm-6 thegem-custom-69e64b6096c997948\"><div class=\"vc_column-inner thegem-custom-inner-69e64b6096c9b \"><div class=\"wpb_wrapper\">\r\n\t\r\n\t\t<div class=\"wpb_text_column wpb_content_element \" >\r\n\t\t\t<div class=\"wpb_wrapper\">\r\n\t\t\t\t<div class=\"title-h6\" style=\"text-align: left; margin-bottom: 20px;\"><span style=\"font-size: 18px; color: #3c3950;\">Direcci\u00f3n<\/span><\/div>\n\r\n\t\t\t<\/div>\r\n\t\t<\/div>\r\n\t\r\n\r\n\t\r\n\t\t<div class=\"wpb_text_column wpb_content_element \" >\r\n\t\t\t<div class=\"wpb_wrapper\">\r\n\t\t\t\t<div class=\"title-h6\" style=\"font-size: 18px; color: #0051a0;\">4732 US Hwy 98 N. Lakeland, 33809<\/div>\n\r\n\t\t\t<\/div>\r\n\t\t<\/div>\r\n\t\r\n<div class=\"clearboth\"><\/div><div class=\"gem-divider \" style=\"margin-top: 20px;\"><\/div>\r\n\t\r\n\t\t<div class=\"wpb_text_column wpb_content_element \" >\r\n\t\t\t<div class=\"wpb_wrapper\">\r\n\t\t\t\t<div class=\"title-h6\" style=\"text-align: left; margin-bottom: 20px;\"><span style=\"font-size: 18px; color: #3c3950;\"><br \/>\nTel\u00e9fono<\/span><\/div>\n\r\n\t\t\t<\/div>\r\n\t\t<\/div>\r\n\t\r\n\r\n\t\r\n\t\t<div class=\"wpb_text_column wpb_content_element \" >\r\n\t\t\t<div class=\"wpb_wrapper\">\r\n\t\t\t\t<div class=\"title-h6\"><a style=\"font-size: 18px; color: #0051a0;\" href=\"tel:+1 (863) 812-9783\">+1 (863) 812-9783<\/a><\/div>\n\r\n\t\t\t<\/div>\r\n\t\t<\/div>\r\n\t\r\n<div class=\"clearboth\"><\/div><div class=\"gem-divider \" style=\"margin-top: 20px;\"><\/div>\r\n\t\r\n\t\t<div class=\"wpb_text_column wpb_content_element \" >\r\n\t\t\t<div class=\"wpb_wrapper\">\r\n\t\t\t\t<div class=\"title-h6\" style=\"text-align: left; margin-bottom: 20px;\"><span style=\"font-size: 18px; color: #3c3950;\"><br \/>\nEmail<\/span><\/div>\n\r\n\t\t\t<\/div>\r\n\t\t<\/div>\r\n\t\r\n\r\n\t\r\n\t\t<div class=\"wpb_text_column wpb_content_element \" >\r\n\t\t\t<div class=\"wpb_wrapper\">\r\n\t\t\t\t<div class=\"title-h6\" style=\"font-size: 18px;\"><a style=\"color: #0051a0;\" href=\"mailto:info@servigroupinsurance.com\">info@servigroupinsurance.com<\/a><\/div>\n\r\n\t\t\t<\/div>\r\n\t\t<\/div>\r\n\t\r\n<\/div><\/div><\/div><\/div><div class=\"vc_row-full-width vc_clearfix\"><\/div>\n","protected":false},"excerpt":{"rendered":"","protected":false},"author":1,"featured_media":591,"parent":0,"menu_order":0,"comment_status":"closed","ping_status":"closed","template":"","meta":{"footnotes":""},"class_list":["post-25239","page","type-page","status-publish","has-post-thumbnail"],"yoast_head":"<!-- This site is optimized with the Yoast SEO plugin v20.6 - https:\/\/yoast.com\/wordpress\/plugins\/seo\/ -->\n<title>Preparaci\u00f3n de Taxes - ServiGroup Insurance<\/title>\n<meta name=\"robots\" content=\"index, follow, max-snippet:-1, max-image-preview:large, max-video-preview:-1\" \/>\n<link rel=\"canonical\" href=\"https:\/\/servigroupinsurance.com\/es\/preparacion-de-taxes\/\" \/>\n<meta property=\"og:locale\" content=\"es_ES\" \/>\n<meta property=\"og:type\" content=\"article\" \/>\n<meta property=\"og:title\" content=\"Preparaci\u00f3n de Taxes - ServiGroup Insurance\" \/>\n<meta property=\"og:url\" content=\"https:\/\/servigroupinsurance.com\/es\/preparacion-de-taxes\/\" \/>\n<meta property=\"og:site_name\" content=\"ServiGroup Insurance\" \/>\n<meta property=\"article:modified_time\" content=\"2021-02-28T05:12:55+00:00\" \/>\n<meta property=\"og:image\" content=\"https:\/\/servigroupinsurance.com\/wp-content\/uploads\/2020\/10\/banner-1.jpg\" \/>\n\t<meta property=\"og:image:width\" content=\"1920\" \/>\n\t<meta property=\"og:image:height\" content=\"330\" \/>\n\t<meta property=\"og:image:type\" content=\"image\/jpeg\" \/>\n<meta name=\"twitter:card\" content=\"summary_large_image\" \/>\n<meta name=\"twitter:label1\" content=\"Tiempo de lectura\" \/>\n\t<meta name=\"twitter:data1\" content=\"1 minuto\" \/>\n<script type=\"application\/ld+json\" class=\"yoast-schema-graph\">{\"@context\":\"https:\/\/schema.org\",\"@graph\":[{\"@type\":\"WebPage\",\"@id\":\"https:\/\/servigroupinsurance.com\/es\/preparacion-de-taxes\/\",\"url\":\"https:\/\/servigroupinsurance.com\/es\/preparacion-de-taxes\/\",\"name\":\"Preparaci\u00f3n de Taxes - ServiGroup Insurance\",\"isPartOf\":{\"@id\":\"https:\/\/servigroupinsurance.com\/en\/#website\"},\"datePublished\":\"2021-02-09T05:57:35+00:00\",\"dateModified\":\"2021-02-28T05:12:55+00:00\",\"breadcrumb\":{\"@id\":\"https:\/\/servigroupinsurance.com\/es\/preparacion-de-taxes\/#breadcrumb\"},\"inLanguage\":\"es\",\"potentialAction\":[{\"@type\":\"ReadAction\",\"target\":[\"https:\/\/servigroupinsurance.com\/es\/preparacion-de-taxes\/\"]}]},{\"@type\":\"BreadcrumbList\",\"@id\":\"https:\/\/servigroupinsurance.com\/es\/preparacion-de-taxes\/#breadcrumb\",\"itemListElement\":[{\"@type\":\"ListItem\",\"position\":1,\"name\":\"Home\",\"item\":\"https:\/\/servigroupinsurance.com\/en\/\"},{\"@type\":\"ListItem\",\"position\":2,\"name\":\"Preparaci\u00f3n de Taxes\"}]},{\"@type\":\"WebSite\",\"@id\":\"https:\/\/servigroupinsurance.com\/en\/#website\",\"url\":\"https:\/\/servigroupinsurance.com\/en\/\",\"name\":\"ServiGroup Insurance\",\"description\":\"ServiGroup Insurance\",\"potentialAction\":[{\"@type\":\"SearchAction\",\"target\":{\"@type\":\"EntryPoint\",\"urlTemplate\":\"https:\/\/servigroupinsurance.com\/en\/?s={search_term_string}\"},\"query-input\":\"required name=search_term_string\"}],\"inLanguage\":\"es\"}]}<\/script>\n<!-- \/ Yoast SEO plugin. -->","yoast_head_json":{"title":"Preparaci\u00f3n de Taxes - ServiGroup Insurance","robots":{"index":"index","follow":"follow","max-snippet":"max-snippet:-1","max-image-preview":"max-image-preview:large","max-video-preview":"max-video-preview:-1"},"canonical":"https:\/\/servigroupinsurance.com\/es\/preparacion-de-taxes\/","og_locale":"es_ES","og_type":"article","og_title":"Preparaci\u00f3n de Taxes - ServiGroup Insurance","og_url":"https:\/\/servigroupinsurance.com\/es\/preparacion-de-taxes\/","og_site_name":"ServiGroup Insurance","article_modified_time":"2021-02-28T05:12:55+00:00","og_image":[{"width":1920,"height":330,"url":"https:\/\/servigroupinsurance.com\/wp-content\/uploads\/2020\/10\/banner-1.jpg","type":"image\/jpeg"}],"twitter_card":"summary_large_image","twitter_misc":{"Tiempo de lectura":"1 minuto"},"schema":{"@context":"https:\/\/schema.org","@graph":[{"@type":"WebPage","@id":"https:\/\/servigroupinsurance.com\/es\/preparacion-de-taxes\/","url":"https:\/\/servigroupinsurance.com\/es\/preparacion-de-taxes\/","name":"Preparaci\u00f3n de Taxes - ServiGroup Insurance","isPartOf":{"@id":"https:\/\/servigroupinsurance.com\/en\/#website"},"datePublished":"2021-02-09T05:57:35+00:00","dateModified":"2021-02-28T05:12:55+00:00","breadcrumb":{"@id":"https:\/\/servigroupinsurance.com\/es\/preparacion-de-taxes\/#breadcrumb"},"inLanguage":"es","potentialAction":[{"@type":"ReadAction","target":["https:\/\/servigroupinsurance.com\/es\/preparacion-de-taxes\/"]}]},{"@type":"BreadcrumbList","@id":"https:\/\/servigroupinsurance.com\/es\/preparacion-de-taxes\/#breadcrumb","itemListElement":[{"@type":"ListItem","position":1,"name":"Home","item":"https:\/\/servigroupinsurance.com\/en\/"},{"@type":"ListItem","position":2,"name":"Preparaci\u00f3n de Taxes"}]},{"@type":"WebSite","@id":"https:\/\/servigroupinsurance.com\/en\/#website","url":"https:\/\/servigroupinsurance.com\/en\/","name":"ServiGroup Insurance","description":"ServiGroup Insurance","potentialAction":[{"@type":"SearchAction","target":{"@type":"EntryPoint","urlTemplate":"https:\/\/servigroupinsurance.com\/en\/?s={search_term_string}"},"query-input":"required name=search_term_string"}],"inLanguage":"es"}]}},"_links":{"self":[{"href":"https:\/\/servigroupinsurance.com\/es\/wp-json\/wp\/v2\/pages\/25239","targetHints":{"allow":["GET"]}}],"collection":[{"href":"https:\/\/servigroupinsurance.com\/es\/wp-json\/wp\/v2\/pages"}],"about":[{"href":"https:\/\/servigroupinsurance.com\/es\/wp-json\/wp\/v2\/types\/page"}],"author":[{"embeddable":true,"href":"https:\/\/servigroupinsurance.com\/es\/wp-json\/wp\/v2\/users\/1"}],"replies":[{"embeddable":true,"href":"https:\/\/servigroupinsurance.com\/es\/wp-json\/wp\/v2\/comments?post=25239"}],"version-history":[{"count":6,"href":"https:\/\/servigroupinsurance.com\/es\/wp-json\/wp\/v2\/pages\/25239\/revisions"}],"predecessor-version":[{"id":25418,"href":"https:\/\/servigroupinsurance.com\/es\/wp-json\/wp\/v2\/pages\/25239\/revisions\/25418"}],"wp:featuredmedia":[{"embeddable":true,"href":"https:\/\/servigroupinsurance.com\/es\/wp-json\/wp\/v2\/media\/591"}],"wp:attachment":[{"href":"https:\/\/servigroupinsurance.com\/es\/wp-json\/wp\/v2\/media?parent=25239"}],"curies":[{"name":"wp","href":"https:\/\/api.w.org\/{rel}","templated":true}]}}