{"id":25192,"date":"2021-02-09T05:17:37","date_gmt":"2021-02-09T05:17:37","guid":{"rendered":"https:\/\/servigroupinsurance.com\/?page_id=25192"},"modified":"2021-03-02T03:52:02","modified_gmt":"2021-03-02T03:52:02","slug":"seguro-comercial","status":"publish","type":"page","link":"https:\/\/servigroupinsurance.com\/es\/seguro-comercial\/","title":{"rendered":"Seguro Comercial"},"content":{"rendered":"<div id=\"vc_row-69d20a566bf43\" class=\"vc_row wpb_row vc_row-fluid thegem-custom-69d20a566bf3a1757\"><div class=\"wpb_column vc_column_container vc_col-sm-3 vc_hidden-xs thegem-custom-69d20a566c1b32017\"><div class=\"vc_column-inner thegem-custom-inner-69d20a566c1b5 \"><div class=\"wpb_wrapper\"><div  class=\"wpb_widgetised_column wpb_content_element\">\n\t\t<div class=\"wpb_wrapper\">\n\t\t\t\n\t\t\t<aside id=\"custom_html-2\" class=\"widget_text widget widget_custom_html\"><div class=\"textwidget custom-html-widget\"><p>\r\n\t&nbsp;\r\n<\/p><\/div><\/aside><aside id=\"nav_menu-2\" class=\"widget widget_nav_menu\"><div class=\"menu-servicios-container\"><ul id=\"menu-servicios\" class=\"menu\"><li id=\"menu-item-25128\" class=\"menu-item menu-item-type-post_type menu-item-object-page menu-item-25128\"><a href=\"https:\/\/servigroupinsurance.com\/es\/seguros-salud\/\">Seguros de Salud<\/a><\/li>\n<li id=\"menu-item-25159\" class=\"menu-item menu-item-type-post_type menu-item-object-page menu-item-25159\"><a href=\"https:\/\/servigroupinsurance.com\/es\/seguros-vida\/\">Seguros de Vida<\/a><\/li>\n<li id=\"menu-item-25182\" class=\"menu-item menu-item-type-post_type menu-item-object-page menu-item-25182\"><a href=\"https:\/\/servigroupinsurance.com\/es\/seguros-auto\/\">Seguros de Auto<\/a><\/li>\n<li id=\"menu-item-25188\" class=\"menu-item menu-item-type-post_type menu-item-object-page menu-item-25188\"><a href=\"https:\/\/servigroupinsurance.com\/es\/seguros-vivienda\/\">Seguros de Vivienda<\/a><\/li>\n<li id=\"menu-item-25237\" class=\"menu-item menu-item-type-post_type menu-item-object-page menu-item-25237\"><a href=\"https:\/\/servigroupinsurance.com\/es\/seguro-comercial\/\">Seguro Comercial<\/a><\/li>\n<li id=\"menu-item-25257\" class=\"menu-item menu-item-type-post_type menu-item-object-page menu-item-25257\"><a href=\"https:\/\/servigroupinsurance.com\/es\/preparacion-de-taxes\/\">Preparaci\u00f3n de Taxes<\/a><\/li>\n<li id=\"menu-item-25256\" class=\"menu-item menu-item-type-post_type menu-item-object-page menu-item-25256\"><a href=\"https:\/\/servigroupinsurance.com\/es\/registro-empresas-notarizacion\/\">Registro de Empresas y Notarizaci\u00f3n<\/a><\/li>\n<\/ul><\/div><\/aside><aside id=\"text-3\" class=\"widget widget_text\">\t\t\t<div class=\"textwidget\"><div class=\"row m0 con_info\">\n<div class=\"contact_info_img\">\n<h2>Contact Info<\/h2>\n<\/div>\n<div class=\"contact_list\"><a style=\"font-size: 20px;color: #0051a0;\" href=\"telf:+18633375986\"><i class=\"fa fa-phone\"><\/i>+1 (863) 337-5986<\/a><br \/>\n<a style=\"font-size: 20px;color: #0051a0;line-height:30px\" href=\"mailto:info@servigroupinsurance.com\"><i class=\"fa fa-paper-plane\"><\/i>info@servigroupinsurance.com<br \/>\n<\/a><\/div>\n<\/div>\n<\/div>\n\t\t<\/aside>\n\t\t<\/div>\n\t<\/div>\n<\/div><\/div><\/div><div class=\"wpb_column vc_column_container vc_col-sm-9 vc_col-xs-12 thegem-custom-69d20a566e4e48382\"><div class=\"vc_column-inner thegem-custom-inner-69d20a566e4e6 \"><div class=\"wpb_wrapper\"><div class=\"clearboth\"><\/div><div class=\"gem-divider \" style=\"margin-top: 50px;\"><\/div>\r\n\t\r\n\t<div  class=\"wpb_single_image wpb_content_element vc_align_center\" >\r\n\t\t\r\n\t\t<figure class=\"wpb_wrapper vc_figure\">\r\n\t\t\t<div class=\"vc_single_image-wrapper   vc_box_border_grey\"><img width=\"840\" height=\"325\" src=\"https:\/\/servigroupinsurance.com\/wp-content\/uploads\/2020\/10\/comercial.jpg\" class=\"vc_single_image-img attachment-full\" alt=\"\" srcset=\"https:\/\/servigroupinsurance.com\/wp-content\/uploads\/2020\/10\/comercial.jpg 840w, https:\/\/servigroupinsurance.com\/wp-content\/uploads\/2020\/10\/comercial-300x116.jpg 300w, https:\/\/servigroupinsurance.com\/wp-content\/uploads\/2020\/10\/comercial-768x297.jpg 768w\" sizes=\"(max-width: 840px) 100vw, 840px\" \/><\/div>\r\n\t\t<\/figure>\r\n\t<\/div>\r\n\t\r\n<div class=\"clearboth\"><\/div><div class=\"gem-divider \" style=\"margin-top: 50px;\"><\/div>\r\n\t\r\n\t\t<div class=\"wpb_text_column wpb_content_element  vc_custom_1613104563904\" >\r\n\t\t\t<div class=\"wpb_wrapper\">\r\n\t\t\t\t<p><strong><span style=\"color: #3c3950; display: inline-block; margin: 0 auto; font-size: 25px; line-height: 35px;\">Coberturas para peque\u00f1as y medianas empresas<\/span><\/strong><\/p>\n\r\n\t\t\t<\/div>\r\n\t\t<\/div>\r\n\t\r\n<div class=\"clearboth\"><\/div><div class=\"gem-divider \" style=\"margin-top: 20px;\"><\/div>\r\n\t\r\n\t\t<div class=\"wpb_text_column wpb_content_element \" >\r\n\t\t\t<div class=\"wpb_wrapper\">\r\n\t\t\t\t<p>Tal como lo sugiere su nombre, el seguro comercial protege las empresas, incluidos los due\u00f1os de negocios y sus empleados.<\/p>\n<p>Debido a que cada negocio es diferente, no existe una p\u00f3liza de seguro \u00fanica general para los due\u00f1os de peque\u00f1as empresas. Por ejemplo, una helader\u00eda tiene necesidades de seguro muy diferentes de las de un taller de reparaci\u00f3n de autos o de un campo de golf.<\/p>\n<p>Cuente con nosotros para asesorarlo de la mejor manera, conozca sobre los diferentes tipos de cobertura que existen en el mercado y, \u00a1solicite una asesor\u00eda gratis hoy!<\/p>\n\r\n\t\t\t<\/div>\r\n\t\t<\/div>\r\n\t\r\n<div class=\"clearboth\"><\/div><div class=\"gem-divider \" style=\"margin-top: 50px;\"><\/div><\/div><\/div><\/div><\/div><div id=\"vc_row-69d20a566f4dc\" class=\"vc_row wpb_row vc_row-fluid thegem-custom-69d20a566f4d43338\"><div class=\"wpb_column vc_column_container vc_col-sm-12 thegem-custom-69d20a566f7f49189\"><div class=\"vc_column-inner thegem-custom-inner-69d20a566f7f6 \"><div class=\"wpb_wrapper\"><div class=\"clearboth\"><\/div><div class=\"gem-divider \" style=\"margin-top: 50px;\"><\/div><\/div><\/div><\/div><\/div><div id=\"vc_row-69d20a566fad4\" class=\"vc_row wpb_row vc_row-fluid thegem-custom-69d20a566facd2315\"><div class=\"wpb_column vc_column_container vc_col-sm-6 thegem-custom-69d20a566fc748044\"><div class=\"vc_column-inner thegem-custom-inner-69d20a566fc76 \"><div class=\"wpb_wrapper\"><div class=\"gem-icon-with-text gem-icon-with-text-icon-size-medium\" ><div style=\"margin-bottom:0px;margin-top:0px; \" class=\"gem-icon-with-text-icon\"><div class=\"gem-icon gem-icon-pack-material gem-icon-size-medium  gem-icon-shape-square gem-simple-icon\"  style=\"opacity: 1;\"><div class=\"gem-icon-inner\" style=\"\"><span class=\"gem-icon-half-1\" style=\"color: #0051a0;\"><span class=\"back-angle\">&#xf20b;<\/span><\/span><span class=\"gem-icon-half-2\" style=\"color: #0051a0;\"><span class=\"back-angle\">&#xf20b;<\/span><\/span><\/div><\/div><\/div><div class=\"gem-icon-with-text-content\" ><div class=\"gem-icon-with-text-text\">\r\n\t\r\n\t\t<div class=\"wpb_text_column wpb_content_element  wpb_animate_when_almost_visible wpb_bottom-to-top bottom-to-top\" >\r\n\t\t\t<div class=\"wpb_wrapper\">\r\n\t\t\t\t<div class=\"title-h5\">Responsabilidad Civil<\/div>\n\r\n\t\t\t<\/div>\r\n\t\t<\/div>\r\n\t\r\n<div class=\"clearboth\"><\/div><div class=\"gem-divider \" style=\"margin-top: 15px;\"><\/div>\r\n\t\r\n\t\t<div class=\"wpb_text_column wpb_content_element  wpb_animate_when_almost_visible wpb_bottom-to-top bottom-to-top\" >\r\n\t\t\t<div class=\"wpb_wrapper\">\r\n\t\t\t\t<p>Puede ayudarte a protegerte a ti, a tus empleados y a tus clientes en caso de accidentes.<\/p>\n\r\n\t\t\t<\/div>\r\n\t\t<\/div>\r\n\t\r\n<\/div><\/div><div class=\"clearboth\"><\/div><\/div><\/div><\/div><\/div><div class=\"wpb_column vc_column_container vc_col-sm-6 thegem-custom-69d20a56701277716\"><div class=\"vc_column-inner thegem-custom-inner-69d20a5670129 \"><div class=\"wpb_wrapper\"><div class=\"gem-icon-with-text gem-icon-with-text-icon-size-medium\" ><div style=\"margin-bottom:0px;margin-top:0px; \" class=\"gem-icon-with-text-icon\"><div class=\"gem-icon gem-icon-pack-material gem-icon-size-medium  gem-icon-shape-square gem-simple-icon\"  style=\"opacity: 1;\"><div class=\"gem-icon-inner\" style=\"\"><span class=\"gem-icon-half-1\" style=\"color: #0051a0;\"><span class=\"back-angle\">&#xf272;<\/span><\/span><span class=\"gem-icon-half-2\" style=\"color: #0051a0;\"><span class=\"back-angle\">&#xf272;<\/span><\/span><\/div><\/div><\/div><div class=\"gem-icon-with-text-content\" ><div class=\"gem-icon-with-text-text\">\r\n\t\r\n\t\t<div class=\"wpb_text_column wpb_content_element  wpb_animate_when_almost_visible wpb_bottom-to-top bottom-to-top\" >\r\n\t\t\t<div class=\"wpb_wrapper\">\r\n\t\t\t\t<div class=\"title-h5\">Compensaci\u00f3n de Trabajadores<\/div>\n\r\n\t\t\t<\/div>\r\n\t\t<\/div>\r\n\t\r\n<div class=\"clearboth\"><\/div><div class=\"gem-divider \" style=\"margin-top: 15px;\"><\/div>\r\n\t\r\n\t\t<div class=\"wpb_text_column wpb_content_element  wpb_animate_when_almost_visible wpb_bottom-to-top bottom-to-top\" >\r\n\t\t\t<div class=\"wpb_wrapper\">\r\n\t\t\t\t<p>Puede proteger a tus empleados en caso de un accidente relacionado con el trabajo.<\/p>\n\r\n\t\t\t<\/div>\r\n\t\t<\/div>\r\n\t\r\n<\/div><\/div><div class=\"clearboth\"><\/div><\/div><\/div><\/div><\/div><\/div><div id=\"vc_row-69d20a5670556\" class=\"vc_row wpb_row vc_row-fluid thegem-custom-69d20a56705502997\"><div class=\"wpb_column vc_column_container vc_col-sm-12 thegem-custom-69d20a567069e9308\"><div class=\"vc_column-inner thegem-custom-inner-69d20a567069f \"><div class=\"wpb_wrapper\"><div class=\"clearboth\"><\/div><div class=\"gem-divider \" style=\"margin-top: 20px;\"><\/div><\/div><\/div><\/div><\/div><div id=\"vc_row-69d20a5670a05\" class=\"vc_row wpb_row vc_row-fluid thegem-custom-69d20a56709fe5724\"><div class=\"wpb_column vc_column_container vc_col-sm-6 thegem-custom-69d20a5670b621265\"><div class=\"vc_column-inner thegem-custom-inner-69d20a5670b64 \"><div class=\"wpb_wrapper\"><div class=\"gem-icon-with-text gem-icon-with-text-icon-size-medium\" ><div style=\"margin-bottom:0px;margin-top:0px; \" class=\"gem-icon-with-text-icon\"><div class=\"gem-icon gem-icon-pack-material gem-icon-size-medium  gem-icon-shape-square gem-simple-icon\"  style=\"opacity: 1;\"><div class=\"gem-icon-inner\" style=\"\"><span class=\"gem-icon-half-1\" style=\"color: #0051a0;\"><span class=\"back-angle\">&#xf383;<\/span><\/span><span class=\"gem-icon-half-2\" style=\"color: #0051a0;\"><span class=\"back-angle\">&#xf383;<\/span><\/span><\/div><\/div><\/div><div class=\"gem-icon-with-text-content\" ><div class=\"gem-icon-with-text-text\">\r\n\t\r\n\t\t<div class=\"wpb_text_column wpb_content_element  wpb_animate_when_almost_visible wpb_bottom-to-top bottom-to-top\" >\r\n\t\t\t<div class=\"wpb_wrapper\">\r\n\t\t\t\t<div class=\"title-h5\">Propiedad Comercial<\/div>\n\r\n\t\t\t<\/div>\r\n\t\t<\/div>\r\n\t\r\n<div class=\"clearboth\"><\/div><div class=\"gem-divider \" style=\"margin-top: 15px;\"><\/div>\r\n\t\r\n\t\t<div class=\"wpb_text_column wpb_content_element  wpb_animate_when_almost_visible wpb_bottom-to-top bottom-to-top\" >\r\n\t\t\t<div class=\"wpb_wrapper\">\r\n\t\t\t\t<p>Protege los activos f\u00edsicos de tu empresa: edificios, muebles, equipos e inventario.<\/p>\n\r\n\t\t\t<\/div>\r\n\t\t<\/div>\r\n\t\r\n<\/div><\/div><div class=\"clearboth\"><\/div><\/div><\/div><\/div><\/div><div class=\"wpb_column vc_column_container vc_col-sm-6 thegem-custom-69d20a56710ee5061\"><div class=\"vc_column-inner thegem-custom-inner-69d20a56710f0 \"><div class=\"wpb_wrapper\"><div class=\"gem-icon-with-text gem-icon-with-text-icon-size-medium\" ><div style=\"margin-bottom:0px;margin-top:0px; \" class=\"gem-icon-with-text-icon\"><div class=\"gem-icon gem-icon-pack-material gem-icon-size-medium  gem-icon-shape-square gem-simple-icon\"  style=\"opacity: 1;\"><div class=\"gem-icon-inner\" style=\"\"><span class=\"gem-icon-half-1\" style=\"color: #0051a0;\"><span class=\"back-angle\">&#xf1f9;<\/span><\/span><span class=\"gem-icon-half-2\" style=\"color: #0051a0;\"><span class=\"back-angle\">&#xf1f9;<\/span><\/span><\/div><\/div><\/div><div class=\"gem-icon-with-text-content\" ><div class=\"gem-icon-with-text-text\">\r\n\t\r\n\t\t<div class=\"wpb_text_column wpb_content_element  wpb_animate_when_almost_visible wpb_bottom-to-top bottom-to-top\" >\r\n\t\t\t<div class=\"wpb_wrapper\">\r\n\t\t\t\t<div class=\"title-h5\">Ingresos Comerciales<\/div>\n\r\n\t\t\t<\/div>\r\n\t\t<\/div>\r\n\t\r\n<div class=\"clearboth\"><\/div><div class=\"gem-divider \" style=\"margin-top: 15px;\"><\/div>\r\n\t\r\n\t\t<div class=\"wpb_text_column wpb_content_element  wpb_animate_when_almost_visible wpb_bottom-to-top bottom-to-top\" >\r\n\t\t\t<div class=\"wpb_wrapper\">\r\n\t\t\t\t<p>Ayuda a pagar facturas y cubrir los costos, en caso de que tu empresa deba cerrar temporalmente.<\/p>\n\r\n\t\t\t<\/div>\r\n\t\t<\/div>\r\n\t\r\n<\/div><\/div><div class=\"clearboth\"><\/div><\/div><\/div><\/div><\/div><\/div><div id=\"vc_row-69d20a5671511\" class=\"vc_row wpb_row vc_row-fluid thegem-custom-69d20a567150b7506\"><div class=\"wpb_column vc_column_container vc_col-sm-12 thegem-custom-69d20a56716635014\"><div class=\"vc_column-inner thegem-custom-inner-69d20a5671664 \"><div class=\"wpb_wrapper\"><div class=\"clearboth\"><\/div><div class=\"gem-divider \" style=\"margin-top: 80px;\"><\/div><\/div><\/div><\/div><\/div><div class=\"vc_row-full-width-before\"><\/div><div id=\"vc_row-69d20a56717f6\" data-vc-full-width=\"true\" data-vc-full-width-init=\"false\" class=\"vc_row wpb_row vc_row-fluid inverse-column-mobile thegem-custom-69d20a56717f13012\"><script type=\"text\/javascript\">if (typeof(gem_fix_fullwidth_position) == \"function\") { gem_fix_fullwidth_position(document.getElementById(\"vc_row-69d20a56717f6\")); }<\/script><div class=\"wpb_column vc_column_container vc_col-sm-6 thegem-custom-69d20a56719943549\"><div class=\"vc_column-inner thegem-custom-inner-69d20a5671995 \"><div class=\"wpb_wrapper\">\n<div class=\"wpcf7 no-js\" id=\"wpcf7-f25123-o1\" lang=\"en-US\" dir=\"ltr\">\n<div class=\"screen-reader-response\"><p role=\"status\" aria-live=\"polite\" aria-atomic=\"true\"><\/p> <ul><\/ul><\/div>\n<form action=\"\/es\/wp-json\/wp\/v2\/pages\/25192#wpcf7-f25123-o1\" method=\"post\" class=\"wpcf7-form init\" aria-label=\"Contact form\" novalidate=\"novalidate\" data-status=\"init\">\n<div style=\"display: none;\">\n<input type=\"hidden\" name=\"_wpcf7\" value=\"25123\" \/>\n<input type=\"hidden\" name=\"_wpcf7_version\" value=\"5.7.7\" \/>\n<input type=\"hidden\" name=\"_wpcf7_locale\" value=\"en_US\" \/>\n<input type=\"hidden\" name=\"_wpcf7_unit_tag\" value=\"wpcf7-f25123-o1\" \/>\n<input type=\"hidden\" name=\"_wpcf7_container_post\" value=\"0\" \/>\n<input type=\"hidden\" name=\"_wpcf7_posted_data_hash\" value=\"\" \/>\n<input type=\"hidden\" name=\"_wpcf7_recaptcha_response\" value=\"\" \/>\n<\/div>\n<p><span class=\"wpcf7-form-control-wrap\" data-name=\"your-email\"><input size=\"40\" class=\"wpcf7-form-control wpcf7-text wpcf7-email wpcf7-validates-as-required wpcf7-validates-as-email\" aria-required=\"true\" aria-invalid=\"false\" value=\"Email*\" type=\"email\" name=\"your-email\" \/><\/span>\n<\/p>\n<p><span class=\"wpcf7-form-control-wrap\" data-name=\"your-subject\"><input size=\"40\" class=\"wpcf7-form-control wpcf7-text wpcf7-validates-as-required\" aria-required=\"true\" aria-invalid=\"false\" value=\"T\u00edtulo\" type=\"text\" name=\"your-subject\" \/><\/span>\n<\/p>\n<p><span class=\"wpcf7-form-control-wrap\" data-name=\"your-message\"><textarea cols=\"40\" rows=\"10\" class=\"wpcf7-form-control wpcf7-textarea\" aria-invalid=\"false\" name=\"your-message\">Mensaje<\/textarea><\/span>\n<\/p>\n<p><input class=\"wpcf7-form-control wpcf7-submit\" type=\"submit\" value=\"ENVIAR MENSAJE\" \/>\n<\/p><div class=\"wpcf7-response-output\" aria-hidden=\"true\"><\/div>\n<\/form>\n<\/div>\n<\/div><\/div><\/div><div class=\"wpb_column vc_column_container vc_col-sm-6 thegem-custom-69d20a567541e6972\"><div class=\"vc_column-inner thegem-custom-inner-69d20a5675421 \"><div class=\"wpb_wrapper\">\r\n\t\r\n\t\t<div class=\"wpb_text_column wpb_content_element \" >\r\n\t\t\t<div class=\"wpb_wrapper\">\r\n\t\t\t\t<div class=\"title-h6\" style=\"text-align: left; margin-bottom: 20px;\"><span style=\"font-size: 18px; color: #3c3950;\">Direcci\u00f3n<\/span><\/div>\n\r\n\t\t\t<\/div>\r\n\t\t<\/div>\r\n\t\r\n\r\n\t\r\n\t\t<div class=\"wpb_text_column wpb_content_element \" >\r\n\t\t\t<div class=\"wpb_wrapper\">\r\n\t\t\t\t<div class=\"title-h6\" style=\"font-size: 18px; color: #0051a0;\">4732 US Hwy 98 N. Lakeland, 33809<\/div>\n\r\n\t\t\t<\/div>\r\n\t\t<\/div>\r\n\t\r\n<div class=\"clearboth\"><\/div><div class=\"gem-divider \" style=\"margin-top: 20px;\"><\/div>\r\n\t\r\n\t\t<div class=\"wpb_text_column wpb_content_element \" >\r\n\t\t\t<div class=\"wpb_wrapper\">\r\n\t\t\t\t<div class=\"title-h6\" style=\"text-align: left; margin-bottom: 20px;\"><span style=\"font-size: 18px; color: #3c3950;\"><br \/>\nTel\u00e9fono<\/span><\/div>\n\r\n\t\t\t<\/div>\r\n\t\t<\/div>\r\n\t\r\n\r\n\t\r\n\t\t<div class=\"wpb_text_column wpb_content_element \" >\r\n\t\t\t<div class=\"wpb_wrapper\">\r\n\t\t\t\t<div class=\"title-h6\"><a style=\"font-size: 18px; color: #0051a0;\" href=\"tel:+1 (863) 812-9783\">+1 (863) 812-9783<\/a><\/div>\n\r\n\t\t\t<\/div>\r\n\t\t<\/div>\r\n\t\r\n<div class=\"clearboth\"><\/div><div class=\"gem-divider \" style=\"margin-top: 20px;\"><\/div>\r\n\t\r\n\t\t<div class=\"wpb_text_column wpb_content_element \" >\r\n\t\t\t<div class=\"wpb_wrapper\">\r\n\t\t\t\t<div class=\"title-h6\" style=\"text-align: left; margin-bottom: 20px;\"><span style=\"font-size: 18px; color: #3c3950;\"><br \/>\nEmail<\/span><\/div>\n\r\n\t\t\t<\/div>\r\n\t\t<\/div>\r\n\t\r\n\r\n\t\r\n\t\t<div class=\"wpb_text_column wpb_content_element \" >\r\n\t\t\t<div class=\"wpb_wrapper\">\r\n\t\t\t\t<div class=\"title-h6\" style=\"font-size: 18px;\"><a style=\"color: #0051a0;\" href=\"mailto:info@servigroupinsurance.com\">info@servigroupinsurance.com<\/a><\/div>\n\r\n\t\t\t<\/div>\r\n\t\t<\/div>\r\n\t\r\n<\/div><\/div><\/div><\/div><div class=\"vc_row-full-width vc_clearfix\"><\/div><div id=\"vc_row-69d20a5675fb3\" class=\"vc_row wpb_row vc_row-fluid thegem-custom-69d20a5675fac5072\"><div class=\"wpb_column vc_column_container vc_col-sm-12 thegem-custom-69d20a56761063221\"><div class=\"vc_column-inner thegem-custom-inner-69d20a5676108 \"><div class=\"wpb_wrapper\"><div class=\"clearboth\"><\/div><div class=\"gem-divider \" style=\"margin-top: 50px;\"><\/div><\/div><\/div><\/div><\/div>\n","protected":false},"excerpt":{"rendered":"","protected":false},"author":1,"featured_media":591,"parent":0,"menu_order":0,"comment_status":"closed","ping_status":"closed","template":"","meta":[],"yoast_head":"<!-- This site is optimized with the Yoast SEO plugin v20.6 - https:\/\/yoast.com\/wordpress\/plugins\/seo\/ -->\n<title>Seguro Comercial - ServiGroup Insurance<\/title>\n<meta name=\"robots\" content=\"index, follow, max-snippet:-1, max-image-preview:large, max-video-preview:-1\" \/>\n<link rel=\"canonical\" href=\"https:\/\/servigroupinsurance.com\/es\/seguro-comercial\/\" \/>\n<meta property=\"og:locale\" content=\"es_ES\" \/>\n<meta property=\"og:type\" content=\"article\" \/>\n<meta property=\"og:title\" content=\"Seguro Comercial - ServiGroup Insurance\" \/>\n<meta property=\"og:url\" content=\"https:\/\/servigroupinsurance.com\/es\/seguro-comercial\/\" \/>\n<meta property=\"og:site_name\" content=\"ServiGroup Insurance\" \/>\n<meta property=\"article:modified_time\" content=\"2021-03-02T03:52:02+00:00\" \/>\n<meta property=\"og:image\" content=\"https:\/\/servigroupinsurance.com\/wp-content\/uploads\/2020\/10\/banner-1.jpg\" \/>\n\t<meta property=\"og:image:width\" content=\"1920\" \/>\n\t<meta property=\"og:image:height\" content=\"330\" \/>\n\t<meta property=\"og:image:type\" content=\"image\/jpeg\" \/>\n<meta name=\"twitter:card\" content=\"summary_large_image\" \/>\n<meta name=\"twitter:label1\" content=\"Est. reading time\" \/>\n\t<meta name=\"twitter:data1\" content=\"2 minutos\" \/>\n<script type=\"application\/ld+json\" class=\"yoast-schema-graph\">{\"@context\":\"https:\/\/schema.org\",\"@graph\":[{\"@type\":\"WebPage\",\"@id\":\"https:\/\/servigroupinsurance.com\/en\/seguro-comercial\/\",\"url\":\"https:\/\/servigroupinsurance.com\/en\/seguro-comercial\/\",\"name\":\"Seguro Comercial - ServiGroup Insurance\",\"isPartOf\":{\"@id\":\"https:\/\/servigroupinsurance.com\/en\/#website\"},\"datePublished\":\"2021-02-09T05:17:37+00:00\",\"dateModified\":\"2021-03-02T03:52:02+00:00\",\"breadcrumb\":{\"@id\":\"https:\/\/servigroupinsurance.com\/en\/seguro-comercial\/#breadcrumb\"},\"inLanguage\":\"es\",\"potentialAction\":[{\"@type\":\"ReadAction\",\"target\":[\"https:\/\/servigroupinsurance.com\/en\/seguro-comercial\/\"]}]},{\"@type\":\"BreadcrumbList\",\"@id\":\"https:\/\/servigroupinsurance.com\/en\/seguro-comercial\/#breadcrumb\",\"itemListElement\":[{\"@type\":\"ListItem\",\"position\":1,\"name\":\"Home\",\"item\":\"https:\/\/servigroupinsurance.com\/en\/\"},{\"@type\":\"ListItem\",\"position\":2,\"name\":\"Seguro Comercial\"}]},{\"@type\":\"WebSite\",\"@id\":\"https:\/\/servigroupinsurance.com\/en\/#website\",\"url\":\"https:\/\/servigroupinsurance.com\/en\/\",\"name\":\"ServiGroup Insurance\",\"description\":\"ServiGroup Insurance\",\"potentialAction\":[{\"@type\":\"SearchAction\",\"target\":{\"@type\":\"EntryPoint\",\"urlTemplate\":\"https:\/\/servigroupinsurance.com\/en\/?s={search_term_string}\"},\"query-input\":\"required name=search_term_string\"}],\"inLanguage\":\"es\"}]}<\/script>\n<!-- \/ Yoast SEO plugin. -->","yoast_head_json":{"title":"Seguro Comercial - ServiGroup Insurance","robots":{"index":"index","follow":"follow","max-snippet":"max-snippet:-1","max-image-preview":"max-image-preview:large","max-video-preview":"max-video-preview:-1"},"canonical":"https:\/\/servigroupinsurance.com\/es\/seguro-comercial\/","og_locale":"es_ES","og_type":"article","og_title":"Seguro Comercial - ServiGroup Insurance","og_url":"https:\/\/servigroupinsurance.com\/es\/seguro-comercial\/","og_site_name":"ServiGroup Insurance","article_modified_time":"2021-03-02T03:52:02+00:00","og_image":[{"width":1920,"height":330,"url":"https:\/\/servigroupinsurance.com\/wp-content\/uploads\/2020\/10\/banner-1.jpg","type":"image\/jpeg"}],"twitter_card":"summary_large_image","twitter_misc":{"Est. reading time":"2 minutos"},"schema":{"@context":"https:\/\/schema.org","@graph":[{"@type":"WebPage","@id":"https:\/\/servigroupinsurance.com\/en\/seguro-comercial\/","url":"https:\/\/servigroupinsurance.com\/en\/seguro-comercial\/","name":"Seguro Comercial - ServiGroup Insurance","isPartOf":{"@id":"https:\/\/servigroupinsurance.com\/en\/#website"},"datePublished":"2021-02-09T05:17:37+00:00","dateModified":"2021-03-02T03:52:02+00:00","breadcrumb":{"@id":"https:\/\/servigroupinsurance.com\/en\/seguro-comercial\/#breadcrumb"},"inLanguage":"es","potentialAction":[{"@type":"ReadAction","target":["https:\/\/servigroupinsurance.com\/en\/seguro-comercial\/"]}]},{"@type":"BreadcrumbList","@id":"https:\/\/servigroupinsurance.com\/en\/seguro-comercial\/#breadcrumb","itemListElement":[{"@type":"ListItem","position":1,"name":"Home","item":"https:\/\/servigroupinsurance.com\/en\/"},{"@type":"ListItem","position":2,"name":"Seguro Comercial"}]},{"@type":"WebSite","@id":"https:\/\/servigroupinsurance.com\/en\/#website","url":"https:\/\/servigroupinsurance.com\/en\/","name":"ServiGroup Insurance","description":"ServiGroup Insurance","potentialAction":[{"@type":"SearchAction","target":{"@type":"EntryPoint","urlTemplate":"https:\/\/servigroupinsurance.com\/en\/?s={search_term_string}"},"query-input":"required name=search_term_string"}],"inLanguage":"es"}]}},"_links":{"self":[{"href":"https:\/\/servigroupinsurance.com\/es\/wp-json\/wp\/v2\/pages\/25192"}],"collection":[{"href":"https:\/\/servigroupinsurance.com\/es\/wp-json\/wp\/v2\/pages"}],"about":[{"href":"https:\/\/servigroupinsurance.com\/es\/wp-json\/wp\/v2\/types\/page"}],"author":[{"embeddable":true,"href":"https:\/\/servigroupinsurance.com\/es\/wp-json\/wp\/v2\/users\/1"}],"replies":[{"embeddable":true,"href":"https:\/\/servigroupinsurance.com\/es\/wp-json\/wp\/v2\/comments?post=25192"}],"version-history":[{"count":7,"href":"https:\/\/servigroupinsurance.com\/es\/wp-json\/wp\/v2\/pages\/25192\/revisions"}],"predecessor-version":[{"id":25423,"href":"https:\/\/servigroupinsurance.com\/es\/wp-json\/wp\/v2\/pages\/25192\/revisions\/25423"}],"wp:featuredmedia":[{"embeddable":true,"href":"https:\/\/servigroupinsurance.com\/es\/wp-json\/wp\/v2\/media\/591"}],"wp:attachment":[{"href":"https:\/\/servigroupinsurance.com\/es\/wp-json\/wp\/v2\/media?parent=25192"}],"curies":[{"name":"wp","href":"https:\/\/api.w.org\/{rel}","templated":true}]}}