{"id":25184,"date":"2021-01-31T04:14:39","date_gmt":"2021-01-31T04:14:39","guid":{"rendered":"https:\/\/servigroupinsurance.com\/?page_id=25184"},"modified":"2021-02-28T04:53:00","modified_gmt":"2021-02-28T04:53:00","slug":"seguros-vivienda","status":"publish","type":"page","link":"https:\/\/servigroupinsurance.com\/es\/seguros-vivienda\/","title":{"rendered":"Seguros de Vivienda"},"content":{"rendered":"<div id=\"vc_row-69d203919562c\" class=\"vc_row wpb_row vc_row-fluid thegem-custom-69d20391955fe2780\"><div class=\"wpb_column vc_column_container vc_col-sm-3 vc_hidden-xs thegem-custom-69d20391958a25811\"><div class=\"vc_column-inner thegem-custom-inner-69d20391958a4 \"><div class=\"wpb_wrapper\"><div  class=\"wpb_widgetised_column wpb_content_element\">\n\t\t<div class=\"wpb_wrapper\">\n\t\t\t\n\t\t\t<aside id=\"custom_html-2\" class=\"widget_text widget widget_custom_html\"><div class=\"textwidget custom-html-widget\"><p>\r\n\t&nbsp;\r\n<\/p><\/div><\/aside><aside id=\"nav_menu-2\" class=\"widget widget_nav_menu\"><div class=\"menu-servicios-container\"><ul id=\"menu-servicios\" class=\"menu\"><li id=\"menu-item-25128\" class=\"menu-item menu-item-type-post_type menu-item-object-page menu-item-25128\"><a href=\"https:\/\/servigroupinsurance.com\/es\/seguros-salud\/\">Seguros de Salud<\/a><\/li>\n<li id=\"menu-item-25159\" class=\"menu-item menu-item-type-post_type menu-item-object-page menu-item-25159\"><a href=\"https:\/\/servigroupinsurance.com\/es\/seguros-vida\/\">Seguros de Vida<\/a><\/li>\n<li id=\"menu-item-25182\" class=\"menu-item menu-item-type-post_type menu-item-object-page menu-item-25182\"><a href=\"https:\/\/servigroupinsurance.com\/es\/seguros-auto\/\">Seguros de Auto<\/a><\/li>\n<li id=\"menu-item-25188\" class=\"menu-item menu-item-type-post_type menu-item-object-page menu-item-25188\"><a href=\"https:\/\/servigroupinsurance.com\/es\/seguros-vivienda\/\">Seguros de Vivienda<\/a><\/li>\n<li id=\"menu-item-25237\" class=\"menu-item menu-item-type-post_type menu-item-object-page menu-item-25237\"><a href=\"https:\/\/servigroupinsurance.com\/es\/seguro-comercial\/\">Seguro Comercial<\/a><\/li>\n<li id=\"menu-item-25257\" class=\"menu-item menu-item-type-post_type menu-item-object-page menu-item-25257\"><a href=\"https:\/\/servigroupinsurance.com\/es\/preparacion-de-taxes\/\">Preparaci\u00f3n de Taxes<\/a><\/li>\n<li id=\"menu-item-25256\" class=\"menu-item menu-item-type-post_type menu-item-object-page menu-item-25256\"><a href=\"https:\/\/servigroupinsurance.com\/es\/registro-empresas-notarizacion\/\">Registro de Empresas y Notarizaci\u00f3n<\/a><\/li>\n<\/ul><\/div><\/aside><aside id=\"text-3\" class=\"widget widget_text\">\t\t\t<div class=\"textwidget\"><div class=\"row m0 con_info\">\n<div class=\"contact_info_img\">\n<h2>Contact Info<\/h2>\n<\/div>\n<div class=\"contact_list\"><a style=\"font-size: 20px;color: #0051a0;\" href=\"telf:+18633375986\"><i class=\"fa fa-phone\"><\/i>+1 (863) 337-5986<\/a><br \/>\n<a style=\"font-size: 20px;color: #0051a0;line-height:30px\" href=\"mailto:info@servigroupinsurance.com\"><i class=\"fa fa-paper-plane\"><\/i>info@servigroupinsurance.com<br \/>\n<\/a><\/div>\n<\/div>\n<\/div>\n\t\t<\/aside>\n\t\t<\/div>\n\t<\/div>\n<\/div><\/div><\/div><div class=\"wpb_column vc_column_container vc_col-sm-9 vc_col-lg-9 vc_col-md-9 vc_col-xs-12 thegem-custom-69d2039197b748383\"><div class=\"vc_column-inner thegem-custom-inner-69d2039197b76 \"><div class=\"wpb_wrapper\"><div class=\"clearboth\"><\/div><div class=\"gem-divider \" style=\"margin-top: 50px;\"><\/div>\r\n\t\r\n\t<div  class=\"wpb_single_image wpb_content_element vc_align_center\" >\r\n\t\t\r\n\t\t<figure class=\"wpb_wrapper vc_figure\">\r\n\t\t\t<div class=\"vc_single_image-wrapper   vc_box_border_grey\"><img width=\"840\" height=\"325\" src=\"https:\/\/servigroupinsurance.com\/wp-content\/uploads\/2020\/10\/s.-vivienda-1.jpg\" class=\"vc_single_image-img attachment-full\" alt=\"\" srcset=\"https:\/\/servigroupinsurance.com\/wp-content\/uploads\/2020\/10\/s.-vivienda-1.jpg 840w, https:\/\/servigroupinsurance.com\/wp-content\/uploads\/2020\/10\/s.-vivienda-1-300x116.jpg 300w, https:\/\/servigroupinsurance.com\/wp-content\/uploads\/2020\/10\/s.-vivienda-1-768x297.jpg 768w\" sizes=\"(max-width: 840px) 100vw, 840px\" \/><\/div>\r\n\t\t<\/figure>\r\n\t<\/div>\r\n\t\r\n<div class=\"clearboth\"><\/div><div class=\"gem-divider \" style=\"margin-top: 50px;\"><\/div>\r\n\t\r\n\t\t<div class=\"wpb_text_column wpb_content_element  vc_custom_1613102193648\" >\r\n\t\t\t<div class=\"wpb_wrapper\">\r\n\t\t\t\t<p><strong><span style=\"color: #3c3950; display: inline-block; margin: 0 auto; font-size: 25px; line-height: 35px;\">Protecci\u00f3n para tu hogar y tu familia<\/span><\/strong><\/p>\n\r\n\t\t\t<\/div>\r\n\t\t<\/div>\r\n\t\r\n<div class=\"clearboth\"><\/div><div class=\"gem-divider \" style=\"margin-top: 20px;\"><\/div>\r\n\t\r\n\t\t<div class=\"wpb_text_column wpb_content_element \" >\r\n\t\t\t<div class=\"wpb_wrapper\">\r\n\t\t\t\t<p>\nComo due\u00f1o de una casa, necesita proteger sus bienes en caso de incidentes desafortunados, como por ejemplo robo, incendios o eventos catastr\u00f3ficos.<\/p>\n<p>Con un seguro de vivienda, puede obtener protecci\u00f3n para su casa, as\u00ed como paz y tranquilidad para usted y su familia cuando sucede algo desafortunado. Le ayudaremos a elegir la compa\u00f1\u00eda de seguros adecuada, con la mejor cobertura y al mejor precio.<\/p>\n\r\n\t\t\t<\/div>\r\n\t\t<\/div>\r\n\t\r\n<div class=\"clearboth\"><\/div><div class=\"gem-divider \" style=\"margin-top: 50px;\"><\/div><div class=\"vc_row wpb_row vc_inner vc_row-fluid custom-inner-column-69d2039198cb4\"><div class=\"wpb_column vc_column_container vc_col-sm-6\"><div class=\"vc_column-inner thegem-custom-inner-69d203919900e \"><div class=\"wpb_wrapper\">\r\n\t\r\n\t\t<div class=\"wpb_text_column wpb_content_element  vc_custom_1613102252110\" >\r\n\t\t\t<div class=\"wpb_wrapper\">\r\n\t\t\t\t<p><strong><span style=\"color: #3c3950; display: inline-block; margin: 0 auto; font-size: 25px; line-height: 35px;\">\u00bfQu\u00e9 cubre un seguro del hogar?<\/span><\/strong><\/p>\n\r\n\t\t\t<\/div>\r\n\t\t<\/div>\r\n\t\r\n<div class=\"clearboth\"><\/div><div class=\"gem-divider \" style=\"margin-top: 20px;\"><\/div>\r\n\t\r\n\t\t<div class=\"wpb_text_column wpb_content_element \" >\r\n\t\t\t<div class=\"wpb_wrapper\">\r\n\t\t\t\t<p>Un seguro de vivienda es algo muy importante para reparar posibles da\u00f1os y ahorrar grandes costos en reparaciones o p\u00e9rdidas.<\/p>\n\r\n\t\t\t<\/div>\r\n\t\t<\/div>\r\n\t\r\n<div class=\"clearboth\"><\/div><div class=\"gem-divider \" style=\"margin-top: 10px;\"><\/div><div class=\"gem-list gem-list-type-square gem-list-color-3\" ><ul class=\"benefit_list\">\n<li><i class=\"fa fa-angle-right\"><\/i>La parte f\u00edsica de la vivienda (la estructura del inmueble).<\/li>\n<li><i class=\"fa fa-angle-right\"><\/i>El contenido de la vivienda (bienes materiales que tenemos en casa).<\/li>\n<li><i class=\"fa fa-angle-right\"><\/i>La responsabilidad civil (garant\u00eda que cubre posibles da\u00f1os de terceros en nuestra vivienda).<\/li>\n<\/ul>\n<\/div><div class=\"clearboth\"><\/div><div class=\"gem-divider \" style=\"margin-top: 50px;\"><\/div><\/div><\/div><\/div><div class=\"wpb_column vc_column_container vc_col-sm-6\"><div class=\"vc_column-inner thegem-custom-inner-69d20391995e4 \"><div class=\"wpb_wrapper\"><div class=\"clearboth\"><\/div><div class=\"gem-divider \" style=\"margin-top: 20px;\"><\/div><div class=\"centered-box gem-image-centered-box\"><div class=\"gem-image gem-wrapbox gem-wrapbox-style-default gem-wrapbox-position-centered\"  style=\"\"><div class=\"gem-wrapbox-inner \" ><a href=\"https:\/\/servigroupinsurance.com\/wp-content\/uploads\/2020\/10\/foto-vivienda.jpg\" class=\"fancybox\"><img class=\"gem-wrapbox-element img-responsive\" src=\"https:\/\/servigroupinsurance.com\/wp-content\/uploads\/2020\/10\/foto-vivienda.jpg\" alt=\"\"\/><\/a><\/div><\/div><\/div><div class=\"clearboth\"><\/div><div class=\"gem-divider \" style=\"margin-top: 50px;\"><\/div><\/div><\/div><\/div><\/div><\/div><\/div><\/div><\/div><div id=\"vc_row-69d2039199d82\" class=\"vc_row wpb_row vc_row-fluid thegem-custom-69d2039199d791826\"><div class=\"wpb_column vc_column_container vc_col-sm-12 thegem-custom-69d2039199f235726\"><div class=\"vc_column-inner thegem-custom-inner-69d2039199f25 \"><div class=\"wpb_wrapper\"><div class=\"clearboth\"><\/div><div class=\"gem-divider \" style=\"margin-top: 50px;\"><\/div><\/div><\/div><\/div><\/div><div class=\"vc_row-full-width-before\"><\/div><div id=\"vc_row-69d203919a1ca\" data-vc-full-width=\"true\" data-vc-full-width-init=\"false\" class=\"vc_row wpb_row vc_row-fluid inverse-column-mobile thegem-custom-69d203919a1c23207\"><script type=\"text\/javascript\">if (typeof(gem_fix_fullwidth_position) == \"function\") { gem_fix_fullwidth_position(document.getElementById(\"vc_row-69d203919a1ca\")); }<\/script><div class=\"wpb_column vc_column_container vc_col-sm-6 thegem-custom-69d203919a36e4221\"><div class=\"vc_column-inner thegem-custom-inner-69d203919a370 \"><div class=\"wpb_wrapper\">\n<div class=\"wpcf7 no-js\" id=\"wpcf7-f25123-o1\" lang=\"en-US\" dir=\"ltr\">\n<div class=\"screen-reader-response\"><p role=\"status\" aria-live=\"polite\" aria-atomic=\"true\"><\/p> <ul><\/ul><\/div>\n<form action=\"\/es\/wp-json\/wp\/v2\/pages\/25184#wpcf7-f25123-o1\" method=\"post\" class=\"wpcf7-form init\" aria-label=\"Contact form\" novalidate=\"novalidate\" data-status=\"init\">\n<div style=\"display: none;\">\n<input type=\"hidden\" name=\"_wpcf7\" value=\"25123\" \/>\n<input type=\"hidden\" name=\"_wpcf7_version\" value=\"5.7.7\" \/>\n<input type=\"hidden\" name=\"_wpcf7_locale\" value=\"en_US\" \/>\n<input type=\"hidden\" name=\"_wpcf7_unit_tag\" value=\"wpcf7-f25123-o1\" \/>\n<input type=\"hidden\" name=\"_wpcf7_container_post\" value=\"0\" \/>\n<input type=\"hidden\" name=\"_wpcf7_posted_data_hash\" value=\"\" \/>\n<input type=\"hidden\" name=\"_wpcf7_recaptcha_response\" value=\"\" \/>\n<\/div>\n<p><span class=\"wpcf7-form-control-wrap\" data-name=\"your-email\"><input size=\"40\" class=\"wpcf7-form-control wpcf7-text wpcf7-email wpcf7-validates-as-required wpcf7-validates-as-email\" aria-required=\"true\" aria-invalid=\"false\" value=\"Email*\" type=\"email\" name=\"your-email\" \/><\/span>\n<\/p>\n<p><span class=\"wpcf7-form-control-wrap\" data-name=\"your-subject\"><input size=\"40\" class=\"wpcf7-form-control wpcf7-text wpcf7-validates-as-required\" aria-required=\"true\" aria-invalid=\"false\" value=\"T\u00edtulo\" type=\"text\" name=\"your-subject\" \/><\/span>\n<\/p>\n<p><span class=\"wpcf7-form-control-wrap\" data-name=\"your-message\"><textarea cols=\"40\" rows=\"10\" class=\"wpcf7-form-control wpcf7-textarea\" aria-invalid=\"false\" name=\"your-message\">Mensaje<\/textarea><\/span>\n<\/p>\n<p><input class=\"wpcf7-form-control wpcf7-submit\" type=\"submit\" value=\"ENVIAR MENSAJE\" \/>\n<\/p><div class=\"wpcf7-response-output\" aria-hidden=\"true\"><\/div>\n<\/form>\n<\/div>\n<\/div><\/div><\/div><div class=\"wpb_column vc_column_container vc_col-sm-6 thegem-custom-69d203919db1d1527\"><div class=\"vc_column-inner thegem-custom-inner-69d203919db20 \"><div class=\"wpb_wrapper\">\r\n\t\r\n\t\t<div class=\"wpb_text_column wpb_content_element \" >\r\n\t\t\t<div class=\"wpb_wrapper\">\r\n\t\t\t\t<div class=\"title-h6\" style=\"text-align: left; margin-bottom: 20px;\"><span style=\"font-size: 18px; color: #3c3950;\">Direcci\u00f3n<\/span><\/div>\n\r\n\t\t\t<\/div>\r\n\t\t<\/div>\r\n\t\r\n\r\n\t\r\n\t\t<div class=\"wpb_text_column wpb_content_element \" >\r\n\t\t\t<div class=\"wpb_wrapper\">\r\n\t\t\t\t<div class=\"title-h6\" style=\"font-size: 18px; color: #0051a0;\">4732 US Hwy 98 N. Lakeland, 33809<\/div>\n\r\n\t\t\t<\/div>\r\n\t\t<\/div>\r\n\t\r\n<div class=\"clearboth\"><\/div><div class=\"gem-divider \" style=\"margin-top: 20px;\"><\/div>\r\n\t\r\n\t\t<div class=\"wpb_text_column wpb_content_element \" >\r\n\t\t\t<div class=\"wpb_wrapper\">\r\n\t\t\t\t<div class=\"title-h6\" style=\"text-align: left; margin-bottom: 20px;\"><span style=\"font-size: 18px; color: #3c3950;\"><br \/>\nTel\u00e9fono<\/span><\/div>\n\r\n\t\t\t<\/div>\r\n\t\t<\/div>\r\n\t\r\n\r\n\t\r\n\t\t<div class=\"wpb_text_column wpb_content_element \" >\r\n\t\t\t<div class=\"wpb_wrapper\">\r\n\t\t\t\t<div class=\"title-h6\"><a style=\"font-size: 18px; color: #0051a0;\" href=\"tel:+1 (863) 812-9783\">+1 (863) 812-9783<\/a><\/div>\n\r\n\t\t\t<\/div>\r\n\t\t<\/div>\r\n\t\r\n<div class=\"clearboth\"><\/div><div class=\"gem-divider \" style=\"margin-top: 20px;\"><\/div>\r\n\t\r\n\t\t<div class=\"wpb_text_column wpb_content_element \" >\r\n\t\t\t<div class=\"wpb_wrapper\">\r\n\t\t\t\t<div class=\"title-h6\" style=\"text-align: left; margin-bottom: 20px;\"><span style=\"font-size: 18px; color: #3c3950;\"><br \/>\nEmail<\/span><\/div>\n\r\n\t\t\t<\/div>\r\n\t\t<\/div>\r\n\t\r\n\r\n\t\r\n\t\t<div class=\"wpb_text_column wpb_content_element \" >\r\n\t\t\t<div class=\"wpb_wrapper\">\r\n\t\t\t\t<div class=\"title-h6\" style=\"font-size: 18px;\"><a style=\"color: #0051a0;\" href=\"mailto:info@servigroupinsurance.com\">info@servigroupinsurance.com<\/a><\/div>\n\r\n\t\t\t<\/div>\r\n\t\t<\/div>\r\n\t\r\n<\/div><\/div><\/div><\/div><div class=\"vc_row-full-width vc_clearfix\"><\/div>\n","protected":false},"excerpt":{"rendered":"","protected":false},"author":1,"featured_media":591,"parent":0,"menu_order":0,"comment_status":"closed","ping_status":"closed","template":"","meta":[],"yoast_head":"<!-- This site is optimized with the Yoast SEO plugin v20.6 - https:\/\/yoast.com\/wordpress\/plugins\/seo\/ -->\n<title>Seguros de Vivienda - ServiGroup Insurance<\/title>\n<meta name=\"robots\" content=\"index, follow, max-snippet:-1, max-image-preview:large, max-video-preview:-1\" \/>\n<link rel=\"canonical\" href=\"https:\/\/servigroupinsurance.com\/es\/seguros-vivienda\/\" \/>\n<meta property=\"og:locale\" content=\"es_ES\" \/>\n<meta property=\"og:type\" content=\"article\" \/>\n<meta property=\"og:title\" content=\"Seguros de Vivienda - ServiGroup Insurance\" \/>\n<meta property=\"og:url\" content=\"https:\/\/servigroupinsurance.com\/es\/seguros-vivienda\/\" \/>\n<meta property=\"og:site_name\" content=\"ServiGroup Insurance\" \/>\n<meta property=\"article:modified_time\" content=\"2021-02-28T04:53:00+00:00\" \/>\n<meta property=\"og:image\" content=\"https:\/\/servigroupinsurance.com\/wp-content\/uploads\/2020\/10\/banner-1.jpg\" \/>\n\t<meta property=\"og:image:width\" content=\"1920\" \/>\n\t<meta property=\"og:image:height\" content=\"330\" \/>\n\t<meta property=\"og:image:type\" content=\"image\/jpeg\" \/>\n<meta name=\"twitter:card\" content=\"summary_large_image\" \/>\n<meta name=\"twitter:label1\" content=\"Est. reading time\" \/>\n\t<meta name=\"twitter:data1\" content=\"1 minuto\" \/>\n<script type=\"application\/ld+json\" class=\"yoast-schema-graph\">{\"@context\":\"https:\/\/schema.org\",\"@graph\":[{\"@type\":\"WebPage\",\"@id\":\"https:\/\/servigroupinsurance.com\/en\/seguros-vivienda\/\",\"url\":\"https:\/\/servigroupinsurance.com\/en\/seguros-vivienda\/\",\"name\":\"Seguros de Vivienda - ServiGroup Insurance\",\"isPartOf\":{\"@id\":\"https:\/\/servigroupinsurance.com\/en\/#website\"},\"datePublished\":\"2021-01-31T04:14:39+00:00\",\"dateModified\":\"2021-02-28T04:53:00+00:00\",\"breadcrumb\":{\"@id\":\"https:\/\/servigroupinsurance.com\/en\/seguros-vivienda\/#breadcrumb\"},\"inLanguage\":\"es\",\"potentialAction\":[{\"@type\":\"ReadAction\",\"target\":[\"https:\/\/servigroupinsurance.com\/en\/seguros-vivienda\/\"]}]},{\"@type\":\"BreadcrumbList\",\"@id\":\"https:\/\/servigroupinsurance.com\/en\/seguros-vivienda\/#breadcrumb\",\"itemListElement\":[{\"@type\":\"ListItem\",\"position\":1,\"name\":\"Home\",\"item\":\"https:\/\/servigroupinsurance.com\/en\/\"},{\"@type\":\"ListItem\",\"position\":2,\"name\":\"Seguros de Vivienda\"}]},{\"@type\":\"WebSite\",\"@id\":\"https:\/\/servigroupinsurance.com\/en\/#website\",\"url\":\"https:\/\/servigroupinsurance.com\/en\/\",\"name\":\"ServiGroup Insurance\",\"description\":\"ServiGroup Insurance\",\"potentialAction\":[{\"@type\":\"SearchAction\",\"target\":{\"@type\":\"EntryPoint\",\"urlTemplate\":\"https:\/\/servigroupinsurance.com\/en\/?s={search_term_string}\"},\"query-input\":\"required name=search_term_string\"}],\"inLanguage\":\"es\"}]}<\/script>\n<!-- \/ Yoast SEO plugin. -->","yoast_head_json":{"title":"Seguros de Vivienda - ServiGroup Insurance","robots":{"index":"index","follow":"follow","max-snippet":"max-snippet:-1","max-image-preview":"max-image-preview:large","max-video-preview":"max-video-preview:-1"},"canonical":"https:\/\/servigroupinsurance.com\/es\/seguros-vivienda\/","og_locale":"es_ES","og_type":"article","og_title":"Seguros de Vivienda - ServiGroup Insurance","og_url":"https:\/\/servigroupinsurance.com\/es\/seguros-vivienda\/","og_site_name":"ServiGroup Insurance","article_modified_time":"2021-02-28T04:53:00+00:00","og_image":[{"width":1920,"height":330,"url":"https:\/\/servigroupinsurance.com\/wp-content\/uploads\/2020\/10\/banner-1.jpg","type":"image\/jpeg"}],"twitter_card":"summary_large_image","twitter_misc":{"Est. reading time":"1 minuto"},"schema":{"@context":"https:\/\/schema.org","@graph":[{"@type":"WebPage","@id":"https:\/\/servigroupinsurance.com\/en\/seguros-vivienda\/","url":"https:\/\/servigroupinsurance.com\/en\/seguros-vivienda\/","name":"Seguros de Vivienda - ServiGroup Insurance","isPartOf":{"@id":"https:\/\/servigroupinsurance.com\/en\/#website"},"datePublished":"2021-01-31T04:14:39+00:00","dateModified":"2021-02-28T04:53:00+00:00","breadcrumb":{"@id":"https:\/\/servigroupinsurance.com\/en\/seguros-vivienda\/#breadcrumb"},"inLanguage":"es","potentialAction":[{"@type":"ReadAction","target":["https:\/\/servigroupinsurance.com\/en\/seguros-vivienda\/"]}]},{"@type":"BreadcrumbList","@id":"https:\/\/servigroupinsurance.com\/en\/seguros-vivienda\/#breadcrumb","itemListElement":[{"@type":"ListItem","position":1,"name":"Home","item":"https:\/\/servigroupinsurance.com\/en\/"},{"@type":"ListItem","position":2,"name":"Seguros de Vivienda"}]},{"@type":"WebSite","@id":"https:\/\/servigroupinsurance.com\/en\/#website","url":"https:\/\/servigroupinsurance.com\/en\/","name":"ServiGroup Insurance","description":"ServiGroup Insurance","potentialAction":[{"@type":"SearchAction","target":{"@type":"EntryPoint","urlTemplate":"https:\/\/servigroupinsurance.com\/en\/?s={search_term_string}"},"query-input":"required name=search_term_string"}],"inLanguage":"es"}]}},"_links":{"self":[{"href":"https:\/\/servigroupinsurance.com\/es\/wp-json\/wp\/v2\/pages\/25184"}],"collection":[{"href":"https:\/\/servigroupinsurance.com\/es\/wp-json\/wp\/v2\/pages"}],"about":[{"href":"https:\/\/servigroupinsurance.com\/es\/wp-json\/wp\/v2\/types\/page"}],"author":[{"embeddable":true,"href":"https:\/\/servigroupinsurance.com\/es\/wp-json\/wp\/v2\/users\/1"}],"replies":[{"embeddable":true,"href":"https:\/\/servigroupinsurance.com\/es\/wp-json\/wp\/v2\/comments?post=25184"}],"version-history":[{"count":9,"href":"https:\/\/servigroupinsurance.com\/es\/wp-json\/wp\/v2\/pages\/25184\/revisions"}],"predecessor-version":[{"id":25416,"href":"https:\/\/servigroupinsurance.com\/es\/wp-json\/wp\/v2\/pages\/25184\/revisions\/25416"}],"wp:featuredmedia":[{"embeddable":true,"href":"https:\/\/servigroupinsurance.com\/es\/wp-json\/wp\/v2\/media\/591"}],"wp:attachment":[{"href":"https:\/\/servigroupinsurance.com\/es\/wp-json\/wp\/v2\/media?parent=25184"}],"curies":[{"name":"wp","href":"https:\/\/api.w.org\/{rel}","templated":true}]}}